{"id":2808,"date":"2020-02-27T13:39:54","date_gmt":"2020-02-27T12:39:54","guid":{"rendered":"http:\/\/new.3pp.pl\/?page_id=2808"},"modified":"2025-09-14T19:55:27","modified_gmt":"2025-09-14T17:55:27","slug":"home","status":"publish","type":"page","link":"https:\/\/5jobs.eu\/de\/","title":{"rendered":"Home"},"content":{"rendered":"<h1 class=\"p1\" style=\"text-align: center;\"><span style=\"font-family: verdana, geneva; color: #347b89;\"><b>Herzlich Willkommen bei 5JOBS!<\/b><\/span><\/h1>\n<p style=\"text-align: center;\"><span style=\"color: #347b89; font-family: tahoma, arial, helvetica, sans-serif;\"><strong><span style=\"font-family: tahoma, arial, helvetica, sans-serif;\">Wir sind branchenspezialisierte Rekrutierungsberatung.<\/span><br \/>\n<span style=\"font-family: tahoma, arial, helvetica, sans-serif;\">Durch professionelle Rekrutierung zum optimalen <span style=\"color: #347b89;\">Zeitpunkt<\/span> erm\u00f6glichen wir Ankn\u00fcpfung einer Zusammenarbeit mit den besten Mitarbeite<\/span>rn<\/strong><\/span><\/p>\n<h2 class=\"p1\"><span style=\"font-size: 14pt; font-family: verdana, geneva; color: #347b89;\">T\u00e4tigkeitsbereich<\/span><\/h2>\n<p>Unsere Beratung ist in Europa und im Gebiet des Nahen Ostens t\u00e4tig, vor allem in Polen, Deutschland, Rum\u00e4nien, Ungarn, Tschechien und in der Buchtregion.<span style=\"color: #000080;\">\u00a0<\/span><\/p>\n<h2 class=\"p1\"><span style=\"font-size: 14pt; font-family: verdana, geneva; color: #347b89;\">Branchen, In Denen Wir Spezialistische Rekrutierungsberatung F\u00fchren<\/span><\/h2>\n<p>Wir rekrutieren f\u00fcr Hersteller, H\u00e4ndlern und Gro\u00dfhandelempf\u00e4nger in folgenden Branchen:<\/p>\n<ul>\n<li><strong>Verpackungsbranche, POSM, CoPacking<\/strong><\/li>\n<li><strong>Druckwesen<br \/>\n<\/strong><\/li>\n<li><strong>B\u00fcroartikel<\/strong><\/li>\n<li><strong>Papier- und Zellstoffbranche, Converting<\/strong><\/li>\n<li><strong>Viscom,\u00a0<\/strong><strong>Kunststoffe<\/strong><\/li>\n<li><strong>Chemische Industrie<\/strong><\/li>\n<li><strong>Recyckling<\/strong><\/li>\n<\/ul>\n<p>Das Angebot der Zusammenarbeit richtet sich auch an Hersteller und Zulieferer von Maschinen, Ger\u00e4ten, Rohstoffen und Farben f\u00fcr entsprechende Branchen.<\/p>\n<p>Die Beratung 5JOBS ist auch in anderen Branchen t\u00e4tig.<\/p>\n<h2 class=\"p1\"><span style=\"font-size: 14pt; font-family: verdana, geneva; color: #347b89;\">Umfang der Personalberatung<\/span><\/h2>\n<p>Unser T\u00e4tigkeitsbereich umfasst Rekrutierung von Fachkr\u00e4ften f\u00fcr diverse offene Positionen\u00a0 \u2013 von der obersten Managementstufe, \u00fcber Vakanzen f\u00fcr Manager, H\u00e4ndler sowie technische Angestellte und Fachkr\u00e4fte \u2013 bis hochqualifizierte Produktionsspezialisten und Assistenten.<\/p>\n<h2 class=\"p1\"><span style=\"font-size: 14pt; font-family: verdana, geneva; color: #347b89;\">Vertrauliche Rekrutierungen<\/span><\/h2>\n<p>Unser Dienstleistungsangebot ist auch f\u00fcr Projekte bestimmt, die besondere Vorsicht und Vertraulichkeit ben\u00f6tigen, wie z.B. unternehmensrelevanter Wechsel der Manager-Stufe, usw.<\/p>\n<h2 class=\"p1\"><span style=\"font-size: 14pt; font-family: verdana, geneva; color: #347b89;\">Garantie Und \u00dcberwachung Nach Dem Rekrutierungsprozess<\/span><\/h2>\n<p>Immer erteilen wir eine Garantie und \u00fcberwachen die Anfangsphase der Besch\u00e4ftigung von empfohlenen Kandidaten.<\/p>\n<h2 class=\"p1\"><span style=\"font-size: 14pt; font-family: verdana, geneva; color: #347b89;\">Unsere Erfahrung<\/span><\/h2>\n<p>Unsere Erfahrung st\u00fctzt sich auf den Rekrutierungserfahrungen, die in der Zeit der Entwicklung der modernen Marktpolitik und der Wirtschaft in Zentral- und Osteuropa in den 90. Jahren des vorigen Jahrhunderts gewonnen wurden.<\/p>\n<h2 class=\"p1\"><span style=\"font-size: 14pt; font-family: verdana, geneva; color: #347b89;\">Wir Stehen Zu Ihrer Verf\u00fcgung<\/span><\/h2>\n<p>M\u00f6chten Sie Ihre Bed\u00fcrfnisse im Bereich der Rekrutierung besprechen, kontaktieren Sie uns bitte unter : <strong>+48 22 300 51 18, contact@5jobs.eu<\/strong><\/p>\n<p>&nbsp;<\/p>\n<hr \/>\n<p style=\"text-align: center;\"><span style=\"color: #347b89; font-family: verdana, geneva;\"><strong>WIR HANDELN FLEXIBEL, ZIELGERICHTET, EFFEKTIV UND SCHNELL<\/strong><\/span><\/p>\n<hr \/>\n<p><a href=\"https:\/\/www.linkedin.com\/in\/adam-mielcarek-6ab57025\/\" target=\"_blank\" rel=\"attachment noopener wp-att-5200 noreferrer\"><img loading=\"lazy\" decoding=\"async\" class=\"aligncenter wp-image-5200 size-full\" src=\"https:\/\/5jobs.eu\/wp-content\/uploads\/linkedinoriginalwordmark-1324760552107615155_128.png\" alt=\"\" width=\"128\" height=\"128\" \/><\/a><\/p>\n","protected":false},"excerpt":{"rendered":"<p>Herzlich Willkommen bei 5JOBS! Wir sind branchenspezialisierte Rekrutierungsberatung. Durch professionelle Rekrutierung zum optimalen Zeitpunkt erm\u00f6glichen wir Ankn\u00fcpfung einer Zusammenarbeit mit den besten Mitarbeitern T\u00e4tigkeitsbereich Unsere Beratung ist in Europa und im Gebiet des Nahen Ostens t\u00e4tig, vor allem in Polen, Deutschland, Rum\u00e4nien, Ungarn, <a href=\"https:\/\/5jobs.eu\/de\/\">[&hellip;]<\/a><\/p>\n","protected":false},"author":1,"featured_media":5231,"parent":0,"menu_order":0,"comment_status":"closed","ping_status":"open","template":"","meta":{"_acf_changed":false,"footnotes":""},"class_list":["post-2808","page","type-page","status-publish","has-post-thumbnail","hentry"],"acf":[],"_links":{"self":[{"href":"https:\/\/5jobs.eu\/de\/wp-json\/wp\/v2\/pages\/2808","targetHints":{"allow":["GET"]}}],"collection":[{"href":"https:\/\/5jobs.eu\/de\/wp-json\/wp\/v2\/pages"}],"about":[{"href":"https:\/\/5jobs.eu\/de\/wp-json\/wp\/v2\/types\/page"}],"author":[{"embeddable":true,"href":"https:\/\/5jobs.eu\/de\/wp-json\/wp\/v2\/users\/1"}],"replies":[{"embeddable":true,"href":"https:\/\/5jobs.eu\/de\/wp-json\/wp\/v2\/comments?post=2808"}],"version-history":[{"count":74,"href":"https:\/\/5jobs.eu\/de\/wp-json\/wp\/v2\/pages\/2808\/revisions"}],"predecessor-version":[{"id":9402,"href":"https:\/\/5jobs.eu\/de\/wp-json\/wp\/v2\/pages\/2808\/revisions\/9402"}],"wp:featuredmedia":[{"embeddable":true,"href":"https:\/\/5jobs.eu\/de\/wp-json\/wp\/v2\/media\/5231"}],"wp:attachment":[{"href":"https:\/\/5jobs.eu\/de\/wp-json\/wp\/v2\/media?parent=2808"}],"curies":[{"name":"wp","href":"https:\/\/api.w.org\/{rel}","templated":true}]}}