{"id":2812,"date":"2018-06-05T13:41:12","date_gmt":"2018-06-05T11:41:12","guid":{"rendered":"http:\/\/new.3pp.pl\/?page_id=2812"},"modified":"2025-05-19T05:37:23","modified_gmt":"2025-05-19T03:37:23","slug":"rekrutierungsanzeigen","status":"publish","type":"page","link":"https:\/\/5jobs.eu\/de\/rekrutierungsanzeigen\/","title":{"rendered":"Anzeigen"},"content":{"rendered":"<h1 class=\"p1\"><span style=\"font-family: verdana, geneva; color: #347b89;\">STELLENANGEBOTE<\/span><\/h1>\n<p>Wir bieten die M\u00f6glichkeit an, Stellenangebote auf unserem Portal zu ver\u00f6ffentlichen. Der Ver\u00f6ffentlichungszeitraum betr\u00e4gt drei oder sechs Wochen. Der Kunde kann f\u00fcr seine Stelleanzeige ein eigenes Layout nutzen oder als eine 5JOBS-Anzeige ver\u00f6ffentlichen, zur Wahl steht auch ein vertrauliches Stellenangebot.<\/p>\n<p>Auf Anfrage senden wir Ihnen gerne ein detailliertes Angebot, nutzen Sie bitte dazu die E-Mail-Adresse: <strong><a href=\"mailto:kontakt@5jobs.pl\">contact@5jobs.eu<\/a><\/strong><\/p>\n<p>&nbsp;<\/p>\n<hr \/>\n<p style=\"text-align: center;\"><span style=\"color: #347b89; font-family: verdana, geneva;\"><strong>WIR HANDELN FLEXIBEL, <span style=\"color: #347b89;\">ZIELGERICHTET<\/span>, EFFEKTIV UND SCHNELL<\/strong><\/span><\/p>\n<hr \/>\n<p><a href=\"https:\/\/www.linkedin.com\/in\/adam-mielcarek-6ab57025\/\" target=\"_blank\" rel=\"attachment noopener wp-att-5200 noreferrer\"><img loading=\"lazy\" decoding=\"async\" class=\"aligncenter wp-image-5200 size-full\" src=\"https:\/\/5jobs.eu\/wp-content\/uploads\/linkedinoriginalwordmark-1324760552107615155_128.png\" alt=\"\" width=\"128\" height=\"128\" \/><\/a><\/p>\n","protected":false},"excerpt":{"rendered":"<p>STELLENANGEBOTE Wir bieten die M\u00f6glichkeit an, Stellenangebote auf unserem Portal zu ver\u00f6ffentlichen. Der Ver\u00f6ffentlichungszeitraum betr\u00e4gt drei oder sechs Wochen. Der Kunde kann f\u00fcr seine Stelleanzeige ein eigenes Layout nutzen oder als eine 5JOBS-Anzeige ver\u00f6ffentlichen, zur Wahl steht auch ein vertrauliches Stellenangebot. Auf Anfrage <a href=\"https:\/\/5jobs.eu\/de\/rekrutierungsanzeigen\/\">[&hellip;]<\/a><\/p>\n","protected":false},"author":1,"featured_media":5231,"parent":0,"menu_order":0,"comment_status":"closed","ping_status":"closed","template":"","meta":{"_acf_changed":false,"footnotes":""},"class_list":["post-2812","page","type-page","status-publish","has-post-thumbnail","hentry"],"acf":[],"_links":{"self":[{"href":"https:\/\/5jobs.eu\/de\/wp-json\/wp\/v2\/pages\/2812","targetHints":{"allow":["GET"]}}],"collection":[{"href":"https:\/\/5jobs.eu\/de\/wp-json\/wp\/v2\/pages"}],"about":[{"href":"https:\/\/5jobs.eu\/de\/wp-json\/wp\/v2\/types\/page"}],"author":[{"embeddable":true,"href":"https:\/\/5jobs.eu\/de\/wp-json\/wp\/v2\/users\/1"}],"replies":[{"embeddable":true,"href":"https:\/\/5jobs.eu\/de\/wp-json\/wp\/v2\/comments?post=2812"}],"version-history":[{"count":21,"href":"https:\/\/5jobs.eu\/de\/wp-json\/wp\/v2\/pages\/2812\/revisions"}],"predecessor-version":[{"id":8939,"href":"https:\/\/5jobs.eu\/de\/wp-json\/wp\/v2\/pages\/2812\/revisions\/8939"}],"wp:featuredmedia":[{"embeddable":true,"href":"https:\/\/5jobs.eu\/de\/wp-json\/wp\/v2\/media\/5231"}],"wp:attachment":[{"href":"https:\/\/5jobs.eu\/de\/wp-json\/wp\/v2\/media?parent=2812"}],"curies":[{"name":"wp","href":"https:\/\/api.w.org\/{rel}","templated":true}]}}