{"id":2820,"date":"2018-06-05T13:43:49","date_gmt":"2018-06-05T11:43:49","guid":{"rendered":"http:\/\/new.3pp.pl\/?page_id=2820"},"modified":"2025-04-30T11:35:45","modified_gmt":"2025-04-30T09:35:45","slug":"executive-search-confidential-recruitment","status":"publish","type":"page","link":"https:\/\/5jobs.eu\/de\/executive-search-confidential-recruitment\/","title":{"rendered":"Executive Search \/ Confidential Recruitment"},"content":{"rendered":"<h1><span style=\"font-family: verdana, geneva; color: #347b89;\">EXECUTIVE SEARCH \/ CONFIDENTIAL RECRUITMENT<\/span><\/h1>\n<h2 class=\"p1\"><span style=\"font-size: 14pt; font-family: verdana, geneva; color: #347b89;\">Executive Search \u2013 Sicherheit, Diskretion, Effizienz<\/span><\/h2>\n<p>Wir realisieren Projekte der vertraulichen Rekrutierungen, die eine besondere Vorsicht verlangen, wie z.B. beim Personalwechsel im oberen und mittleren Management. Deren Realisierung verbindet personalbezogene Sicherheit von Firmen in einem f\u00fcr sie kritischen Zeitraum \u2013 Wechsel der F\u00fchrungskraft, der Manager und essentiell wichtiger Fachberater \u2013 mit Wirksamkeit beim Zugang zu den geeigneten Kandidaten.<\/p>\n<h2 class=\"p1\"><span style=\"font-size: 14pt; font-family: verdana, geneva; color: #347b89;\">St\u00e4ndig Aktualisierter Kandidatenregister, Archivierung Des Rekrutierungsvorgangs<\/span><\/h2>\n<p>Rekrutierungen werden aufgrund eines eigenen, seit mehreren Jahren aggregierten Branchenregisters von Bewerbern und aufgrund archivierter Rekrutierungsprojekte sowie einer intensiven Direktansprache<strong> (Direct Search) <\/strong>von Kandidaten, in Verbindung mit Networking durchgef\u00fchrt.<\/p>\n<h2 class=\"p1\"><span style=\"font-size: 14pt; font-family: verdana, geneva; color: #347b89;\">Headhunter Mit Gezielter Personalsuche<\/span><\/h2>\n<p>Branchenerfahrener Headhunter mit gezielter Personalsuche ist ein besonderes Merkmal von 5JOBS. Branchenorientierte Rekrutierungen geben ihm einen Wettbewerbsvorteil beim Erwerb von entsprechenden Kandidaten. Unsere langj\u00e4hrige Erfahrung stellt sicher, dass man die richtigen Personen erreicht.<\/p>\n<h2 class=\"p1\"><span style=\"font-size: 14pt; font-family: verdana, geneva; color: #347b89;\">Personalberatung<\/span><\/h2>\n<p>Professionelle Schritte, die durch 5JOBS Branchenspezialisierte Rekrutierungen vorgenommen werden, f\u00fchren zur Erstellung einer kurzen Kandidatenliste (short list), die \u00fcblicherweise von 3 bis 5 Personalvorschl\u00e4gen enth\u00e4lt.<\/p>\n<h2 class=\"p1\"><span style=\"font-size: 14pt; font-family: verdana, geneva; color: #347b89;\">Langj\u00e4hrige Erfahrung<\/span><\/h2>\n<p>Unsere langj\u00e4hrige Erfahrung garantiert eine glaubw\u00fcrdige Bewertung und Auswahl von richtigen Personen, die \u00fcber die Kompetenzen verf\u00fcgen, die das Beratungsmandat erf\u00fcllen.<\/p>\n<p><span style=\"font-family: verdana, geneva; font-size: 14pt; color: #347b89;\"><strong>\u2192<\/strong>\u00a0<strong><a style=\"color: #347b89;\" title=\"Personalbeschaffung\" href=\"https:\/\/5jobs.eu\/de\/rekrutierung\/\">Rekrutierung<\/a><\/strong><\/span><\/p>\n<p>&nbsp;<\/p>\n<hr \/>\n<p style=\"text-align: center;\"><span style=\"color: #347b89; font-family: verdana, geneva;\"><strong>WIR <span style=\"color: #347b89;\">HANDELN<\/span> FLEXIBEL, ZIELGERICHTET, EFFEKTIV UND SCHNELL<\/strong><\/span><\/p>\n<hr \/>\n<p><a href=\"https:\/\/www.linkedin.com\/in\/adam-mielcarek-6ab57025\/\" target=\"_blank\" rel=\"attachment noopener wp-att-5200 noreferrer\"><img loading=\"lazy\" decoding=\"async\" class=\"aligncenter wp-image-5200 size-full\" src=\"https:\/\/5jobs.eu\/wp-content\/uploads\/linkedinoriginalwordmark-1324760552107615155_128.png\" alt=\"\" width=\"128\" height=\"128\" \/><\/a><\/p>\n","protected":false},"excerpt":{"rendered":"<p>EXECUTIVE SEARCH \/ CONFIDENTIAL RECRUITMENT Executive Search \u2013 Sicherheit, Diskretion, Effizienz Wir realisieren Projekte der vertraulichen Rekrutierungen, die eine besondere Vorsicht verlangen, wie z.B. beim Personalwechsel im oberen und mittleren Management. Deren Realisierung verbindet personalbezogene Sicherheit von Firmen in einem f\u00fcr sie kritischen <a href=\"https:\/\/5jobs.eu\/de\/executive-search-confidential-recruitment\/\">[&hellip;]<\/a><\/p>\n","protected":false},"author":1,"featured_media":5231,"parent":0,"menu_order":0,"comment_status":"closed","ping_status":"open","template":"","meta":{"_acf_changed":false,"footnotes":""},"class_list":["post-2820","page","type-page","status-publish","has-post-thumbnail","hentry"],"acf":[],"_links":{"self":[{"href":"https:\/\/5jobs.eu\/de\/wp-json\/wp\/v2\/pages\/2820","targetHints":{"allow":["GET"]}}],"collection":[{"href":"https:\/\/5jobs.eu\/de\/wp-json\/wp\/v2\/pages"}],"about":[{"href":"https:\/\/5jobs.eu\/de\/wp-json\/wp\/v2\/types\/page"}],"author":[{"embeddable":true,"href":"https:\/\/5jobs.eu\/de\/wp-json\/wp\/v2\/users\/1"}],"replies":[{"embeddable":true,"href":"https:\/\/5jobs.eu\/de\/wp-json\/wp\/v2\/comments?post=2820"}],"version-history":[{"count":30,"href":"https:\/\/5jobs.eu\/de\/wp-json\/wp\/v2\/pages\/2820\/revisions"}],"predecessor-version":[{"id":8790,"href":"https:\/\/5jobs.eu\/de\/wp-json\/wp\/v2\/pages\/2820\/revisions\/8790"}],"wp:featuredmedia":[{"embeddable":true,"href":"https:\/\/5jobs.eu\/de\/wp-json\/wp\/v2\/media\/5231"}],"wp:attachment":[{"href":"https:\/\/5jobs.eu\/de\/wp-json\/wp\/v2\/media?parent=2820"}],"curies":[{"name":"wp","href":"https:\/\/api.w.org\/{rel}","templated":true}]}}