{"id":2824,"date":"2018-06-05T13:44:33","date_gmt":"2018-06-05T11:44:33","guid":{"rendered":"http:\/\/new.3pp.pl\/?page_id=2824"},"modified":"2025-04-30T11:37:22","modified_gmt":"2025-04-30T09:37:22","slug":"rekrutierung","status":"publish","type":"page","link":"https:\/\/5jobs.eu\/de\/rekrutierung\/","title":{"rendered":"Rekrutierung"},"content":{"rendered":"<h1><span style=\"font-family: verdana, geneva; color: #347b89;\">REKRUTIERUNG<\/span><\/h1>\n<h2 class=\"p1\"><span style=\"font-size: 14pt; font-family: verdana, geneva; color: #347b89;\">Branchenregister Der Kandidaten, Networking<\/span><\/h2>\n<p>Unsere Rekrutierung, die aufgrund eines eigenen, seit mehreren Jahren aggregierten <strong>Branchenregisters von Bewerbern<\/strong> <strong>und aufgrund archivierter Rekrutierungsprojekte<\/strong>, langfristiger Beziehungen zu Bewerbern, des breiten Kontaktnetzwerkes \u2013 <strong>Networking<\/strong>, sowie einer aktiven <strong>Direktansprache (direct search) <\/strong>von Kandidaten und durch Rekrutierungsmarketing realisiert wird.<\/p>\n<h2 class=\"p1\"><span style=\"font-size: 14pt; font-family: verdana, geneva; color: #347b89;\">Direct Search<\/span><\/h2>\n<p>Die pers\u00f6nliche Direktansprache ist besonders geeignet, wenn ein Rekrutierungsprozess eine offene Position der F\u00fchrungsebene oder vom besonderen Charakter betrifft, wo nur eine kleine Anzahl von potentiellen Kandidaten in Frage kommt, die auf dem Arbeitsmarkt nicht aktiv sind. Es ist die erfolgreichste Suchmethode, die den Zugang zu den geeigneten Personen erm\u00f6glicht und oft eine einzige Methode ist, diese in den Rekrutierungsprozess einsteigen lassen.<\/p>\n<h2 class=\"p1\"><span style=\"font-size: 14pt; font-family: verdana, geneva; color: #347b89;\">Headhunter Mit Gezielter Personalsuche<\/span><\/h2>\n<p>Branchenerfahrener Headhunter mit gezielter Personalsuche ist ein besonderes Merkmal von 5JOBS. Branchenorientierte Rekrutierungen geben ihm einen Wettbewerbsvorteil beim Erwerb von entsprechenden Kandidaten. Unsere langj\u00e4hrige Erfahrung stellt sicher, dass man die richtigen Personen erreicht.<\/p>\n<h2 class=\"p1\"><span style=\"font-size: 14pt; font-family: verdana, geneva; color: #347b89;\">Rekrutierungsmarketing<\/span><\/h2>\n<p>Aktiver Rekrutierungsmarketing im Internet und in herk\u00f6mmlichen Medien \u2013 dauerhafte Kooperation mit Rekrutierungsportalen, Internet-Minimal-Websites, Social Media, Multiposting und professionelle Presseinserate \u2013 bilden das einzigartige, komplexe Suchmuster, das durch 5JOBS Branchenspezialisierte Rekrutierungen realisiert wird.<\/p>\n<h2 class=\"p1\"><span style=\"font-size: 14pt; font-family: verdana, geneva; color: #347b89;\">Welche Selektionsmethoden Verwenden Wir?<\/span><\/h2>\n<p>Wir verwenden ein strukturiertes Interview, der Kompetenzen und pers\u00f6nliche Eigenschaften der Kandidaten standardisiert; wir ber\u00fccksichtigen die Organisationskultur des Kunden und verifizieren die Referenzen vielseitig.<\/p>\n<h2 class=\"p1\"><span style=\"font-size: 14pt; font-family: verdana, geneva; color: #347b89;\">Assessment Center Und Psychologische Beurteilung Auf Wunsch<\/span><\/h2>\n<p>Wenn gew\u00fcnscht, nutzen wir profunde Mittel f\u00fcr Diagnose der beruflichen Kompetenzen wie z.B. ein komplexes Personalauswahlverfahren (assessment center) und Einsch\u00e4tzung der Pers\u00f6nlichkeit und der F\u00e4higkeiten mittels der an polnische Verh\u00e4ltnisse angepassten psychologischen Tests.<\/p>\n<h2 class=\"p1\"><span style=\"font-size: 14pt; font-family: verdana, geneva; color: #347b89;\">Personalberatung<\/span><\/h2>\n<p>Professionelle Schritte, die durch 5JOBS Branchenspezialisierte Rekrutierungen vorgenommen werden, f\u00fchren zur Erstellung einer kurzen Kandidatenliste (short list), die \u00fcblicherweise von 3 bis 5 Personalvorschl\u00e4gen enth\u00e4lt.<\/p>\n<h2 class=\"p1\"><span style=\"font-size: 14pt; font-family: verdana, geneva; color: #347b89;\">Langj\u00e4hrige Erfahrung<\/span><\/h2>\n<p>Unsere langj\u00e4hrige Erfahrung garantiert eine glaubw\u00fcrdige Bewertung und Auswahl von richtigen Personen, die \u00fcber die Kompetenzen verf\u00fcgen, die das Beratungsmandat erf\u00fcllen.<\/p>\n<p><span style=\"font-size: 14pt;\"><strong><span style=\"color: #347b89; font-family: verdana, geneva;\">\u2192 <a style=\"color: #347b89;\" title=\"Executive Search \/ Vertrauliche personalbeschaffung\" href=\"https:\/\/5jobs.eu\/de\/executive-search-confidential-recruitment\/\">Executive Search \/ Confidential Recruitment<\/a><\/span><\/strong><\/span><\/p>\n<p>&nbsp;<\/p>\n<hr \/>\n<p style=\"text-align: center;\"><span style=\"color: #347b89; font-family: verdana, geneva;\"><strong>WIR HANDELN FLEXIBEL, ZIELGERICHTET, EFFEKTIV UND SCHNELL<\/strong><\/span><\/p>\n<hr \/>\n<p><a href=\"https:\/\/www.linkedin.com\/in\/adam-mielcarek-6ab57025\/\" target=\"_blank\" rel=\"attachment noopener wp-att-5200 noreferrer\"><img loading=\"lazy\" decoding=\"async\" class=\"aligncenter wp-image-5200 size-full\" src=\"https:\/\/5jobs.eu\/wp-content\/uploads\/linkedinoriginalwordmark-1324760552107615155_128.png\" alt=\"\" width=\"128\" height=\"128\" \/><\/a><\/p>\n","protected":false},"excerpt":{"rendered":"<p>REKRUTIERUNG Branchenregister Der Kandidaten, Networking Unsere Rekrutierung, die aufgrund eines eigenen, seit mehreren Jahren aggregierten Branchenregisters von Bewerbern und aufgrund archivierter Rekrutierungsprojekte, langfristiger Beziehungen zu Bewerbern, des breiten Kontaktnetzwerkes \u2013 Networking, sowie einer aktiven Direktansprache (direct search) von Kandidaten und durch Rekrutierungsmarketing realisiert <a href=\"https:\/\/5jobs.eu\/de\/rekrutierung\/\">[&hellip;]<\/a><\/p>\n","protected":false},"author":1,"featured_media":5231,"parent":0,"menu_order":0,"comment_status":"closed","ping_status":"open","template":"","meta":{"_acf_changed":false,"footnotes":""},"class_list":["post-2824","page","type-page","status-publish","has-post-thumbnail","hentry"],"acf":[],"_links":{"self":[{"href":"https:\/\/5jobs.eu\/de\/wp-json\/wp\/v2\/pages\/2824","targetHints":{"allow":["GET"]}}],"collection":[{"href":"https:\/\/5jobs.eu\/de\/wp-json\/wp\/v2\/pages"}],"about":[{"href":"https:\/\/5jobs.eu\/de\/wp-json\/wp\/v2\/types\/page"}],"author":[{"embeddable":true,"href":"https:\/\/5jobs.eu\/de\/wp-json\/wp\/v2\/users\/1"}],"replies":[{"embeddable":true,"href":"https:\/\/5jobs.eu\/de\/wp-json\/wp\/v2\/comments?post=2824"}],"version-history":[{"count":34,"href":"https:\/\/5jobs.eu\/de\/wp-json\/wp\/v2\/pages\/2824\/revisions"}],"predecessor-version":[{"id":8793,"href":"https:\/\/5jobs.eu\/de\/wp-json\/wp\/v2\/pages\/2824\/revisions\/8793"}],"wp:featuredmedia":[{"embeddable":true,"href":"https:\/\/5jobs.eu\/de\/wp-json\/wp\/v2\/media\/5231"}],"wp:attachment":[{"href":"https:\/\/5jobs.eu\/de\/wp-json\/wp\/v2\/media?parent=2824"}],"curies":[{"name":"wp","href":"https:\/\/api.w.org\/{rel}","templated":true}]}}