{"id":2828,"date":"2018-06-05T15:20:19","date_gmt":"2018-06-05T13:20:19","guid":{"rendered":"http:\/\/new.3pp.pl\/?page_id=2828"},"modified":"2025-04-30T11:36:26","modified_gmt":"2025-04-30T09:36:26","slug":"kandidaten","status":"publish","type":"page","link":"https:\/\/5jobs.eu\/de\/kandidaten\/","title":{"rendered":"Kandidaten"},"content":{"rendered":"<h1><span style=\"font-family: verdana, geneva; color: #347b89;\">KANDIDATEN<\/span><\/h1>\n<h2><span style=\"color: #347b89; font-size: 14pt; font-family: verdana, geneva;\">Job<\/span><\/h2>\n<p>Allen Personen, die im Bereich der Entwicklung und des Aufbaus ihrer beruflichen Karriere mit uns kooperieren m\u00f6chten, garantieren wir weitgehende Diskretion und Sicherheit des Rekrutierungsprozesses. Diesbez\u00fcglich werden keine Informationen, die Identifizierung erm\u00f6glichen, ohne vorherige Genehmigung zur Teilnahme an dem aktuellen Rekrutierungsprozess weitergegeben.<\/p>\n<h2 class=\"p1\"><span style=\"font-size: 14pt; font-family: verdana, geneva; color: #347b89;\">Senden Sie Uns Bewerbungen (Lebenslauf) Der Kandidaten Mit Beruflicher Erfahrung In Folgenden Branchen:<\/span><\/h2>\n<ul>\n<li><strong> Papier-, Schachtelverpackungen, POS; Verpackungsdienste<\/strong><\/li>\n<li><strong> Verpackungen und Kunststoffprodukte, Viscom,<\/strong><\/li>\n<li><strong> Druckwesen, Verlags-, Werbungs-, Medienbranche sowie B\u00fcro- und Schulartikel, <\/strong><\/li>\n<li><strong> Kunststoffe, Kompositmaterialien, Chemie- und Gummibranche<\/strong><\/li>\n<li><strong> Zellstoff- und Papierbranche, Industrie- und Hygienepapiere<\/strong><\/li>\n<li><strong> Metall- und Glassverpackungen<\/strong><\/li>\n<li><strong> Recyckling, \u00d6kologie <\/strong><\/li>\n<li><strong> Maschinen und Ger\u00e4te, Hilfsmaterialien, Pr\u00e4parate, Farben im Bereich der 5JOBS Branchen<\/strong><\/li>\n<\/ul>\n<h3 class=\"p1\" style=\"text-align: center;\"><span style=\"font-size: 12pt; font-family: verdana, geneva; color: #347b89;\">Wir Warten Auch Auf Bewerbungen Von Absolventinnen\/-Absolventen Ohne Berufliche Erfahrung, Die Hochschulausbildung In Oben Genannten Branchen Besitzen<\/span><\/h3>\n<p style=\"text-align: center;\">E-Mail-Adresse f\u00fcr die Bewerbungen<strong>: <\/strong><a href=\"mailto:praca@5jobs.pl\"><strong>job@5jobs.eu<\/strong><\/a><\/p>\n<p style=\"text-align: center;\">Versenden Sie bitte die Bewerbungen (CV, Lebenslauf), ggf. mit einem Motivationsschreiben \u2013 mit Bezeichnung der erwarteten Stelle (Stellen) und Branche in dem Mail-Betreff &#8211;\u00a0 entsprechend der vorwiegend vertretenen oder bevorzugten Branchenerfahrung.<\/p>\n<p><b style=\"color: #808080;\"><\/b><span style=\"color: #808080;\"><b><a href=\"https:\/\/www.linkedin.com\/in\/adam-mielcarek-6ab57025\/\" target=\"_blank\" rel=\"attachment noopener wp-att-5200 noreferrer\"><img loading=\"lazy\" decoding=\"async\" class=\"aligncenter wp-image-5200 size-full\" src=\"https:\/\/5jobs.eu\/wp-content\/uploads\/linkedinoriginalwordmark-1324760552107615155_128.png\" alt=\"\" width=\"128\" height=\"128\" \/><\/a><\/b><\/span><\/p>\n","protected":false},"excerpt":{"rendered":"<p>KANDIDATEN Job Allen Personen, die im Bereich der Entwicklung und des Aufbaus ihrer beruflichen Karriere mit uns kooperieren m\u00f6chten, garantieren wir weitgehende Diskretion und Sicherheit des Rekrutierungsprozesses. Diesbez\u00fcglich werden keine Informationen, die Identifizierung erm\u00f6glichen, ohne vorherige Genehmigung zur Teilnahme an dem aktuellen Rekrutierungsprozess <a href=\"https:\/\/5jobs.eu\/de\/kandidaten\/\">[&hellip;]<\/a><\/p>\n","protected":false},"author":1,"featured_media":5231,"parent":0,"menu_order":0,"comment_status":"closed","ping_status":"open","template":"","meta":{"_acf_changed":false,"footnotes":""},"class_list":["post-2828","page","type-page","status-publish","has-post-thumbnail","hentry"],"acf":[],"_links":{"self":[{"href":"https:\/\/5jobs.eu\/de\/wp-json\/wp\/v2\/pages\/2828","targetHints":{"allow":["GET"]}}],"collection":[{"href":"https:\/\/5jobs.eu\/de\/wp-json\/wp\/v2\/pages"}],"about":[{"href":"https:\/\/5jobs.eu\/de\/wp-json\/wp\/v2\/types\/page"}],"author":[{"embeddable":true,"href":"https:\/\/5jobs.eu\/de\/wp-json\/wp\/v2\/users\/1"}],"replies":[{"embeddable":true,"href":"https:\/\/5jobs.eu\/de\/wp-json\/wp\/v2\/comments?post=2828"}],"version-history":[{"count":34,"href":"https:\/\/5jobs.eu\/de\/wp-json\/wp\/v2\/pages\/2828\/revisions"}],"predecessor-version":[{"id":8791,"href":"https:\/\/5jobs.eu\/de\/wp-json\/wp\/v2\/pages\/2828\/revisions\/8791"}],"wp:featuredmedia":[{"embeddable":true,"href":"https:\/\/5jobs.eu\/de\/wp-json\/wp\/v2\/media\/5231"}],"wp:attachment":[{"href":"https:\/\/5jobs.eu\/de\/wp-json\/wp\/v2\/media?parent=2828"}],"curies":[{"name":"wp","href":"https:\/\/api.w.org\/{rel}","templated":true}]}}