{"id":2837,"date":"2018-06-05T15:21:50","date_gmt":"2018-06-05T13:21:50","guid":{"rendered":"http:\/\/new.3pp.pl\/?page_id=2837"},"modified":"2025-04-30T11:36:59","modified_gmt":"2025-04-30T09:36:59","slug":"kunden","status":"publish","type":"page","link":"https:\/\/5jobs.eu\/de\/kunden\/","title":{"rendered":"Kunden"},"content":{"rendered":"<h1><span style=\"font-family: verdana, geneva; color: #347b89;\">KUNDEN<\/span><\/h1>\n<h2 class=\"p1\"><span style=\"font-size: 14pt; font-family: verdana, geneva; color: #347b89;\">Firma Mit Erfahrung<\/span><\/h2>\n<p>Die Erfahrung, auf der die T\u00e4tigkeit von 5JOBS Branchenspezialisierte Rekrutierungen gest\u00fctzt ist, umfasst die Zusammenarbeit sowohl mit Investmentfonds, mit den gr\u00f6\u00dften internationalen Korporationen als auch mit lokalen kleinen Firmen, Agenturen und Vertretungen sowie Unternehmen unterschiedlicher Art und Gr\u00f6\u00dfe, die dazwischen liegen.<\/p>\n<h2 class=\"p1\"><span style=\"font-size: 14pt; font-family: verdana, geneva; color: #347b89;\">5JOBS Branchenspezialisierte Rekrutierungen -Projekte<\/span><\/h2>\n<p>Manche Projekte betrafen einzelne Vakanzen, andere gro\u00dfe, komplexe Rekrutierungen im Zusammenhang mit Beginn von Herstellungs- oder Vertriebst\u00e4tigkeit. Von der obersten F\u00fchrungsebene bis auf Positionen auf einer niedrigeren Stufe, einschlie\u00dflich der Stellen f\u00fcr Fachkr\u00e4fte, Assistenten und Betreiber. Unabh\u00e4ngig von ihrer Gr\u00f6\u00dfe, T\u00e4tigkeitsart oder Lokalisierung erhielten alle Kunden qualitativ gleich hochwertige professionelle Dienstleistungen.<\/p>\n<h2 class=\"p1\"><span style=\"font-size: 14pt; font-family: verdana, geneva; color: #347b89;\">Referenzen<\/span><\/h2>\n<p>Aufgrund der spezifischen Art unserer Arbeit erteilen wir Informationen \u00fcber aktuelle Referenzen im direkten Kontakt.<\/p>\n<h2><span style=\"color: #347b89; font-size: 14pt; font-family: verdana, geneva;\">Kontakt<\/span><\/h2>\n<p>Kontaktieren Sie uns: +48 22 300 51 18, contact@5jobs.eu<\/p>\n<p>&nbsp;<\/p>\n<hr \/>\n<p style=\"text-align: center;\"><span style=\"color: #347b89; font-family: verdana, geneva;\"><strong>WIR HANDELN FLEXIBEL, <span style=\"color: #347b89;\">ZIELGERICHTET<\/span>, EFFEKTIV UND SCHNELL<\/strong><\/span><\/p>\n<hr \/>\n<p style=\"text-align: center;\"><a href=\"https:\/\/www.linkedin.com\/in\/adam-mielcarek-6ab57025\/\" target=\"_blank\" rel=\"attachment noopener wp-att-5200 noreferrer\"><img loading=\"lazy\" decoding=\"async\" class=\"aligncenter wp-image-5200 size-full\" src=\"https:\/\/5jobs.eu\/wp-content\/uploads\/linkedinoriginalwordmark-1324760552107615155_128.png\" alt=\"\" width=\"128\" height=\"128\" \/><\/a><\/p>\n<h1><b>\u00a0<\/b><\/h1>\n","protected":false},"excerpt":{"rendered":"<p>KUNDEN Firma Mit Erfahrung Die Erfahrung, auf der die T\u00e4tigkeit von 5JOBS Branchenspezialisierte Rekrutierungen gest\u00fctzt ist, umfasst die Zusammenarbeit sowohl mit Investmentfonds, mit den gr\u00f6\u00dften internationalen Korporationen als auch mit lokalen kleinen Firmen, Agenturen und Vertretungen sowie Unternehmen unterschiedlicher Art und Gr\u00f6\u00dfe, die <a href=\"https:\/\/5jobs.eu\/de\/kunden\/\">[&hellip;]<\/a><\/p>\n","protected":false},"author":1,"featured_media":5231,"parent":0,"menu_order":0,"comment_status":"closed","ping_status":"open","template":"","meta":{"_acf_changed":false,"footnotes":""},"class_list":["post-2837","page","type-page","status-publish","has-post-thumbnail","hentry"],"acf":[],"_links":{"self":[{"href":"https:\/\/5jobs.eu\/de\/wp-json\/wp\/v2\/pages\/2837","targetHints":{"allow":["GET"]}}],"collection":[{"href":"https:\/\/5jobs.eu\/de\/wp-json\/wp\/v2\/pages"}],"about":[{"href":"https:\/\/5jobs.eu\/de\/wp-json\/wp\/v2\/types\/page"}],"author":[{"embeddable":true,"href":"https:\/\/5jobs.eu\/de\/wp-json\/wp\/v2\/users\/1"}],"replies":[{"embeddable":true,"href":"https:\/\/5jobs.eu\/de\/wp-json\/wp\/v2\/comments?post=2837"}],"version-history":[{"count":19,"href":"https:\/\/5jobs.eu\/de\/wp-json\/wp\/v2\/pages\/2837\/revisions"}],"predecessor-version":[{"id":5915,"href":"https:\/\/5jobs.eu\/de\/wp-json\/wp\/v2\/pages\/2837\/revisions\/5915"}],"wp:featuredmedia":[{"embeddable":true,"href":"https:\/\/5jobs.eu\/de\/wp-json\/wp\/v2\/media\/5231"}],"wp:attachment":[{"href":"https:\/\/5jobs.eu\/de\/wp-json\/wp\/v2\/media?parent=2837"}],"curies":[{"name":"wp","href":"https:\/\/api.w.org\/{rel}","templated":true}]}}