{"id":2994,"date":"2018-06-22T16:36:20","date_gmt":"2018-06-22T14:36:20","guid":{"rendered":"http:\/\/5jobs.pl\/?page_id=2994"},"modified":"2025-04-30T11:24:42","modified_gmt":"2025-04-30T09:24:42","slug":"datenschutzrichtlinie","status":"publish","type":"page","link":"https:\/\/5jobs.eu\/de\/datenschutzrichtlinie\/","title":{"rendered":"Datenschutzrichtlinie"},"content":{"rendered":"<h2 lang=\"de-DE\"><b>Datenschutzrichtlinie<\/b><\/h2>\n<p><span lang=\"de-DE\">5Jobs Ltd, deren Markennamen sind 5JOBS Specialist Recruitment und Personalberatung People Project, beh\u00e4lt sich das Recht vor, \u00c4nderungen an dieser Datenschutzerkl\u00e4rung vorzunehmen. Die Datenschutzerkl\u00e4rung gilt f\u00fcr alle Besucher unserer Website.<\/span><\/p>\n<h2><span lang=\"de-DE\"><b>Cookies<\/b><\/span><\/h2>\n<p><span lang=\"de-DE\">Einige Bereiche der 5JOBS und People Project Website: Branch Recruiters k\u00f6nnen Cookies verwenden, dh. kleine Textdateien, die an den Computer des Besuchers gesendet werden, um den Service zu vereinfachen und zu beschleunigen (z. B. durch die Erinnerung an zuvor ge\u00f6ffnete Texte und schnelleres Laden). Cookies sind sowohl f\u00fcr den Computer als auch f\u00fcr den Benutzer und seine Daten unsch\u00e4dlich. Jeder Benutzer kann sie in den eigenen Einstellungen des Browsers deaktivieren.<\/span><\/p>\n<p lang=\"de-DE\">Wir verwenden Cookies f\u00fcr statistische Zwecke und f\u00fcr das reibungslose Funktionieren von Facebook und Google+ Plugins.<\/p>\n<h2 lang=\"de-DE\"><b>Google Analytics<\/b><\/h2>\n<p><span lang=\"de-DE\">Der 5JOBS Specialist Recruitment und Personalberatung People Project nutzen Google Analytics, einen Webanalysedienst der Google Inc. <\/span>(&#8222;Google&#8220;). <span lang=\"de-DE\">Google Analytics verwendet &#8222;Cookies&#8220;, bei denen es sich um Textdateien handelt, die auf dem Computer des Nutzers gespeichert werden, damit die Website analysieren kann, wie Nutzer sie verwenden. Die durch den Cookie erzeugten Informationen \u00fcber Ihre Benutzung dieser Website (einschlie\u00dflich Ihrer IP-Adresse) wird an einen Server von Google in den USA \u00fcbertragen und dort gespeichert.<\/span><\/p>\n<p lang=\"de-DE\">Google wird diese Informationen benutzen, um Ihre Nutzung der Website auszuwerten, um Reports \u00fcber die Websiteaktivit\u00e4ten f\u00fcr die Websitebetreiber zusammenzustellen und um weitere mit der Websitenutzung und der Internetnutzung verbundene Dienstleistungen zu erbringen. Auch wird Google diese Informationen gegebenenfalls an Dritte \u00fcbertragen, sofern dies gesetzlich vorgeschrieben oder soweit Dritte diese Daten im Auftrag von Google verarbeiten.<\/p>\n<p lang=\"de-DE\">Google wird die IP-Adresse des Nutzers nicht mit anderen Daten in seinem Besitz verlinken. Der Benutzer kann Cookies deaktivieren, indem er die entsprechenden Einstellungen im Browser ausw\u00e4hlt, jedoch beachten Sie bitte, dass Sie in diesem Fall m\u00f6glicherweise nicht alle Funktionen der Website nutzen k\u00f6nnen und mit der Verarbeitung Ihrer Daten durch Google in der oben beschriebenen Art und Weise einverstanden sind.<\/p>\n<h2 lang=\"de-DE\"><b>Facebook<\/b><\/h2>\n<p><span lang=\"de-DE\">Auf der 5JOBS Specialist Recruitment und Personalberatung People Project Seite gibt es ein integriertes Plugin (Plugin) der sozialen Netzwerkseite Facebook (Meta Platforms, Inc. 1601 Willow Road Menlo Parkeee, CA 94025, USA). Das Facebook-Plugin befindet sich unter dem &#8222;Gef\u00e4llt mir&#8220; &#8211; Button auf unserer Website. Die Liste der Plugins auf Facebook finden Sie hier.<\/span><\/p>\n<p><span lang=\"de-DE\">Wenn Sie unsere Website besuchen, stellen Sie automatisch eine Verbindung zwischen dem Facebook-Server und Ihrem Webbrowser her. Facebook erh\u00e4lt daraufhin Informationen, dass Sie unsere Website unter Ihrer IP-Adresse besucht haben. Wenn Sie auf &#8222;Gef\u00e4llt mir&#8220; klicken, indem Sie in Ihrem Facebook-Account eingeloggt sind, kann der Inhalt unserer Seite mit Ihrem Profil verkn\u00fcpft sein. Weitere Informationen finden Sie auf Facebook-Seiten.<\/span><\/p>\n<p class=\"western\" lang=\"de-DE\">Wenn Sie nicht m\u00f6chten, dass Facebook die Tatsache Ihres Besuchs auf unserer Website bemerkt, loggen Sie sich bitte aus Ihrem Benutzerkonto auf Facebook aus.<\/p>\n","protected":false},"excerpt":{"rendered":"<p>Datenschutzrichtlinie 5Jobs Ltd, deren Markennamen sind 5JOBS Specialist Recruitment und Personalberatung People Project, beh\u00e4lt sich das Recht vor, \u00c4nderungen an dieser Datenschutzerkl\u00e4rung vorzunehmen. Die Datenschutzerkl\u00e4rung gilt f\u00fcr alle Besucher unserer Website. Cookies Einige Bereiche der 5JOBS und People Project Website: Branch Recruiters k\u00f6nnen <a href=\"https:\/\/5jobs.eu\/de\/datenschutzrichtlinie\/\">[&hellip;]<\/a><\/p>\n","protected":false},"author":1,"featured_media":5231,"parent":0,"menu_order":0,"comment_status":"closed","ping_status":"closed","template":"","meta":{"_acf_changed":false,"footnotes":""},"class_list":["post-2994","page","type-page","status-publish","has-post-thumbnail","hentry"],"acf":[],"_links":{"self":[{"href":"https:\/\/5jobs.eu\/de\/wp-json\/wp\/v2\/pages\/2994","targetHints":{"allow":["GET"]}}],"collection":[{"href":"https:\/\/5jobs.eu\/de\/wp-json\/wp\/v2\/pages"}],"about":[{"href":"https:\/\/5jobs.eu\/de\/wp-json\/wp\/v2\/types\/page"}],"author":[{"embeddable":true,"href":"https:\/\/5jobs.eu\/de\/wp-json\/wp\/v2\/users\/1"}],"replies":[{"embeddable":true,"href":"https:\/\/5jobs.eu\/de\/wp-json\/wp\/v2\/comments?post=2994"}],"version-history":[{"count":10,"href":"https:\/\/5jobs.eu\/de\/wp-json\/wp\/v2\/pages\/2994\/revisions"}],"predecessor-version":[{"id":8785,"href":"https:\/\/5jobs.eu\/de\/wp-json\/wp\/v2\/pages\/2994\/revisions\/8785"}],"wp:featuredmedia":[{"embeddable":true,"href":"https:\/\/5jobs.eu\/de\/wp-json\/wp\/v2\/media\/5231"}],"wp:attachment":[{"href":"https:\/\/5jobs.eu\/de\/wp-json\/wp\/v2\/media?parent=2994"}],"curies":[{"name":"wp","href":"https:\/\/api.w.org\/{rel}","templated":true}]}}