{"id":333,"date":"2013-04-18T10:06:03","date_gmt":"2013-04-18T08:06:03","guid":{"rendered":"http:\/\/3pp.pl\/?page_id=333"},"modified":"2025-04-30T11:23:35","modified_gmt":"2025-04-30T09:23:35","slug":"polityka-prywatnosci","status":"publish","type":"page","link":"https:\/\/5jobs.eu\/pl\/polityka-prywatnosci\/","title":{"rendered":"Polityka Prywatno\u015bci"},"content":{"rendered":"<p>5Jobs Ltd kt\u00f3rego markami s\u0105 serwisy 5JOBS Rekrutacje Bran\u017cowe i Doradztwo Rekrutacyjne People Project zastrzega sobie prawo do wprowadzania zmian w niniejszej Polityce Prywatno\u015bci. Polityka Prywatno\u015bci obowi\u0105zuje wszystkie osoby odwiedzaj\u0105ce nasz serwis.<\/p>\n<h2><span style=\"font-size: 12pt;\"><b>Ciasteczka (cookies)<\/b><\/span><\/h2>\n<p>Niekt\u00f3re obszary serwis\u00f3w 5JOBS Rekrutacje Bran\u017cowe i Doradztwo Rekrutacyjne People Project mog\u0105 wykorzystywa\u0107 ciasteczka, czyli ma\u0142e pliki tekstowe wysy\u0142ane do komputera odwiedzaj\u0105cego identyfikuj\u0105ce go w spos\u00f3b potrzebny do uproszczenia i przyspieszenia dzia\u0142ania serwisu (np. poprzez zapami\u0119tanie poprzednio otwartych tekst\u00f3w i szybsze ich ponowne wczytywanie). Ciasteczka s\u0105 nieszkodliwe dla komputera, jak r\u00f3wnie\u017c dla u\u017cytkownika i jego danych. Ka\u017cdy u\u017cytkownik mo\u017ce je wy\u0142\u0105czy\u0107 w ustawieniach w\u0142asnej przegl\u0105darki.<\/p>\n<p>Pliki cookie wykorzystujemy w celach statystycznych oraz do poprawnego dzia\u0142ania wtyczek Facebook i Google+.<\/p>\n<h2><span style=\"font-size: 12pt;\"><b>Google Analytics<\/b><\/span><\/h2>\n<p>Serwisy 5JOBS Rekrutacje Bran\u017cowe i Doradztwo Rekrutacyjne People Project korzystaj\u0105 z <a href=\"http:\/\/www.google.com\/analytics\/learn\/privacy.html\">Google Analytics<\/a>, us\u0142ugi analizy ogl\u0105dalno\u015bci stron internetowych udost\u0119pnianej przez Google, Inc. (\u201eGoogle\u201d). Google Analytics u\u017cywa \u201ecookies\u201d, czyli plik\u00f3w tekstowych umieszczanych na\u00a0komputerze u\u017cytkownika w\u00a0celu umo\u017cliwienia witrynie przeanalizowania sposobu, w\u00a0jaki u\u017cytkownicy z\u00a0niej korzystaj\u0105. Informacje generowane przez cookie na\u00a0temat korzystania z\u00a0witryny przez u\u017cytkownika (w\u0142\u0105cznie z\u00a0jego adresem IP) b\u0119d\u0105 przekazywane sp\u00f3\u0142ce Google i\u00a0przechowywane przez ni\u0105 na\u00a0serwerach w\u00a0Stanach Zjednoczonych.<\/p>\n<p>Google b\u0119dzie korzysta\u0142 z\u00a0tych informacji w\u00a0celu oceny korzystania z\u00a0witryny przez u\u017cytkownika, tworzenia raport\u00f3w dotycz\u0105cych ruchu na\u00a0stronach dla operator\u00f3w witryn oraz\u00a0\u015bwiadczenia innych us\u0142ug zwi\u0105zanych z\u00a0ruchem na\u00a0witrynach internetowych i\u00a0korzystaniem z\u00a0internetu. Google mo\u017ce r\u00f3wnie\u017c przekazywa\u0107 te informacje osobom trzecim, je\u017celi b\u0119dzie zobowi\u0105zana to\u00a0uczyni\u0107 na\u00a0podstawie przepis\u00f3w prawa lub w\u00a0przypadku, gdy\u00a0osoby te przetwarzaj\u0105 takie informacje w\u00a0imieniu Google.<\/p>\n<p>Google nie b\u0119dzie \u0142\u0105czy\u0142a adresu IP u\u017cytkownika z\u00a0\u017cadnymi innymi danymi b\u0119d\u0105cymi w\u00a0jej posiadaniu. U\u017cytkownik mo\u017ce zrezygnowa\u0107 z\u00a0cookies wybieraj\u0105c odpowiednie ustawienia na\u00a0przegl\u0105darce, jednak nale\u017cy pami\u0119ta\u0107, \u017ce\u00a0w takim przypadku korzystanie z\u00a0wszystkich funkcji witryny mo\u017ce okaza\u0107 si\u0119 niemo\u017cliwe Korzystaj\u0105c z\u00a0niniejszej witryny internetowej u\u017cytkownik wyra\u017ca zgod\u0119 na\u00a0przetwarzanie przez Google dotycz\u0105cych go danych w\u00a0spos\u00f3b i\u00a0w celach okre\u015blonych powy\u017cej.<\/p>\n<h2><span style=\"font-size: 14pt;\"><b>Facebook<\/b><\/span><\/h2>\n<p>Na stronach serwis\u00f3w 5JOBS Rekrutacje Bran\u017cowe i Doradztwo Rekrutacyjne People Project\u00a0 znajduje si\u0119 zintegrowany plugin (wtyczka) portalu spo\u0142eczno\u015bciowego Facebook, (Meta Platforms, Inc. 1601 Willow Road Menlo Parkeee, CA 94025, USA). Plugin Facebooka znajduje si\u0119 pod przyciskiem \u201eLubi\u0119 to\u201c na naszej stronie. List\u0119 plugin\u00f3w na Facebooku znajdziesz <a href=\"http:\/\/developers.facebook.com\/docs\/plugins\/\">tutaj<\/a>.<\/p>\n<p>Kiedy odwiedzasz nasz\u0105 stron\u0119, nast\u0119puje automatyczne po\u0142\u0105czenie poprzez plugin pomi\u0119dzy serwerem Facebooka, a\u00a0Twoj\u0105 przegl\u0105dark\u0105 internetow\u0105. Facebook otrzyma wtedy informacj\u0119, \u017ce\u00a0Ty pod\u00a0swoim adresem IP odwiedzi\u0142e\u015b nasz\u0105 stron\u0119. Je\u015bli klikniesz na\u00a0przycisk \u201eLubi\u0119 to\u201c w\u00a0czasie kiedy jeste\u015b zalogowany w\u00a0swoim koncie na\u00a0Facebooku, to\u00a0zawarto\u015b\u0107 naszej strony mo\u017ce zosta\u0107 podlinkowana do\u00a0Twojego profilu. Dodatkowe informacje znajdziesz na\u00a0stronach\u00a0<a href=\"http:\/\/www.facebook.com\/policy.php\">Facebooka<\/a>.<\/p>\n<p>Je\u015bli nie \u017cyczysz sobie, aby Facebook odnotowywa\u0142 fakt Twoich odwiedzin na naszej stronie, prosimy wylogowa\u0107 si\u0119 ze swojego konta u\u017cytkownika na Facebooku.<\/p>\n","protected":false},"excerpt":{"rendered":"<p>5Jobs Ltd kt\u00f3rego markami s\u0105 serwisy 5JOBS Rekrutacje Bran\u017cowe i Doradztwo Rekrutacyjne People Project zastrzega sobie prawo do wprowadzania zmian w niniejszej Polityce Prywatno\u015bci. Polityka Prywatno\u015bci obowi\u0105zuje wszystkie osoby odwiedzaj\u0105ce nasz serwis. Ciasteczka (cookies) Niekt\u00f3re obszary serwis\u00f3w 5JOBS Rekrutacje Bran\u017cowe i Doradztwo Rekrutacyjne <a href=\"https:\/\/5jobs.eu\/pl\/polityka-prywatnosci\/\">[&hellip;]<\/a><\/p>\n","protected":false},"author":1,"featured_media":5231,"parent":0,"menu_order":0,"comment_status":"closed","ping_status":"closed","template":"","meta":{"_acf_changed":false,"footnotes":""},"class_list":["post-333","page","type-page","status-publish","has-post-thumbnail","hentry"],"acf":[],"_links":{"self":[{"href":"https:\/\/5jobs.eu\/pl\/wp-json\/wp\/v2\/pages\/333","targetHints":{"allow":["GET"]}}],"collection":[{"href":"https:\/\/5jobs.eu\/pl\/wp-json\/wp\/v2\/pages"}],"about":[{"href":"https:\/\/5jobs.eu\/pl\/wp-json\/wp\/v2\/types\/page"}],"author":[{"embeddable":true,"href":"https:\/\/5jobs.eu\/pl\/wp-json\/wp\/v2\/users\/1"}],"replies":[{"embeddable":true,"href":"https:\/\/5jobs.eu\/pl\/wp-json\/wp\/v2\/comments?post=333"}],"version-history":[{"count":18,"href":"https:\/\/5jobs.eu\/pl\/wp-json\/wp\/v2\/pages\/333\/revisions"}],"predecessor-version":[{"id":8784,"href":"https:\/\/5jobs.eu\/pl\/wp-json\/wp\/v2\/pages\/333\/revisions\/8784"}],"wp:featuredmedia":[{"embeddable":true,"href":"https:\/\/5jobs.eu\/pl\/wp-json\/wp\/v2\/media\/5231"}],"wp:attachment":[{"href":"https:\/\/5jobs.eu\/pl\/wp-json\/wp\/v2\/media?parent=333"}],"curies":[{"name":"wp","href":"https:\/\/api.w.org\/{rel}","templated":true}]}}