{"id":42,"date":"2013-02-19T17:10:39","date_gmt":"2013-02-19T16:10:39","guid":{"rendered":"http:\/\/3pp.home.pl\/?page_id=42"},"modified":"2025-09-14T20:01:37","modified_gmt":"2025-09-14T18:01:37","slug":"doradztwo-personalne","status":"publish","type":"page","link":"https:\/\/5jobs.eu\/pl\/","title":{"rendered":"Home"},"content":{"rendered":"<h1 style=\"text-align: center;\"><span style=\"color: #347b89; font-family: verdana, geneva;\"><strong>Witaj w 5JOBS!<\/strong><\/span><\/h1>\n<p style=\"text-align: center;\"><span style=\"color: #347b89;\"><strong>Jeste\u015bmy doradztwem rekrutacyjnym wyspecjalizowanym bran\u017cowo.<br \/>\nPoprzez profesjonaln\u0105 rekrutacj\u0119 w optymalnym czasie umo\u017cliwiamy wsp\u00f3\u0142prac\u0119 z najlepszymi pracownikami.<\/strong><\/span><\/p>\n<hr \/>\n<h3 style=\"text-align: center;\"><span style=\"color: #808080;\"><span style=\"font-weight: normal; color: #347b89; font-size: 12pt;\">Nasi klienci m<span style=\"color: #347b89;\">\u00f3<\/span>wi\u0105:<\/span><\/span><\/h3>\n<p style=\"text-align: center;\"><span style=\"color: #808080; font-size: 10pt;\"><em>\u201cLudzie \u2013 pracownicy, ich kapita\u0142 intelektualny \u2013 determinuj\u0105 sukces we wsp\u00f3\u0142czesnym biznesie\u201d<\/em><\/span><\/p>\n<hr \/>\n<h2><span style=\"color: #347b89; font-size: 14pt;\">Zasi\u0119g dzia\u0142ania<\/span><\/h2>\n<p><span style=\"color: #808080;\">Nasze doradztwo dzia\u0142a na terenie Europy i Bliskiego Wschodu, g\u0142\u00f3wnie w Polsce, Niemczech, Rumunii, W\u0119grzech, Czechach i w regionie Zatoki.<\/span><\/p>\n<h2><span style=\"color: #347b89; font-size: 14pt;\">Bran\u017ce dla kt\u00f3rych prowadzimy specjalistyczne doradztwo rekrutacyjne\u00a0<\/span><\/h2>\n<p><span style=\"color: #808080;\">Rekrutujemy dla producent\u00f3w, dystrybutor\u00f3w i hurtowych odbiorc\u00f3w w bran\u017cach:<\/span><\/p>\n<ul>\n<li><span style=\"color: #808080;\"><strong>opakowania, POSM, co-packing<\/strong><\/span><\/li>\n<li><span style=\"color: #808080;\"><strong>poligrafia<\/strong><\/span><\/li>\n<li><span style=\"color: #808080;\"><strong>biurowo-szkolna (ABiS)<\/strong><\/span><\/li>\n<li><span style=\"color: #808080;\"><strong>celulozowo-papiernicza,\u00a0<\/strong><\/span><span style=\"color: #808080;\"><strong>converting<\/strong><\/span><\/li>\n<li><span style=\"color: #808080;\"><strong>viscom, tworzywa sztuczne<\/strong><\/span><\/li>\n<li><span style=\"color: #808080;\"><strong>chemiczna<\/strong><\/span><\/li>\n<li><span style=\"color: #808080;\"><strong>recykling<\/strong><\/span><\/li>\n<\/ul>\n<p><span style=\"color: #808080;\">Oferta wsp\u00f3\u0142pracy skierowana jest r\u00f3wnie\u017c do producent\u00f3w i dystrybutor\u00f3w maszyn, urz\u0105dze\u0144, materia\u0142\u00f3w i farb dla dedykowanych bran\u017c.<\/span><\/p>\n<p><span style=\"color: #808080;\">Doradztwo 5JOBS dzia\u0142a tak\u017ce w innych bran\u017cach.<\/span><\/p>\n<h2><span style=\"color: #347b89; font-size: 14pt;\">Zakres dzia\u0142ania doradztwa<\/span><\/h2>\n<p><span style=\"color: #808080;\">Nasz zakres dzia\u0142ania to rekrutacja profesjonalist\u00f3w na r\u00f3\u017cnego rodzaju stanowiska \u2013 od najwy\u017cszego szczebla, poprzez stanowiska mened\u017cerskie, handlowe, techniczne oraz specjalistyczne &#8211; do wysoko wykwalifikowanych stanowisk produkcyjnych oraz asystenckich.<\/span><\/p>\n<h2><span style=\"color: #347b89; font-size: 14pt;\">Rekrutacje poufne<\/span><\/h2>\n<p><span style=\"color: #808080;\">Us\u0142ugi naszego doradztwa s\u0105 r\u00f3wnie\u017c dedykowane projektom wymagaj\u0105cym szczeg\u00f3lnej ostro\u017cno\u015bci i poufno\u015bci, jak np. wa\u017cnych dla organizacji zmian kadry mened\u017cerskiej, itp.<\/span><\/p>\n<h2><span style=\"color: #347b89; font-size: 14pt;\">Gwarancja i monitoring po zako\u0144czeniu procesu rekrutacji\u00a0<\/span><\/h2>\n<p><span style=\"color: #808080;\">Zawsze udzielamy gwarancji i monitorujemy pocz\u0105tkowy okres zatrudnienia rekomendowanych kandydat\u00f3w.<\/span><\/p>\n<h2><span style=\"color: #347b89; font-size: 14pt;\">Nasze do\u015bwiadczenie<\/span><\/h2>\n<p><span style=\"color: #808080;\">Nasza dzia\u0142alno\u015b\u0107 wywodzi si\u0119 z do\u015bwiadcze\u0144 rekrutacyjnych zdobytych w okresie tworzenia si\u0119 nowoczesnego rynku i gospodarki w Europie centralnej i wschodniej w latach 90. ubieg\u0142ego wieku.<\/span><\/p>\n<h2><span style=\"color: #347b89; font-size: 14pt;\">Jeste\u015bmy do dyspozycji<\/span><\/h2>\n<p><span style=\"color: #808080;\">Je\u015bli chcecie Pa\u0144stwo om\u00f3wi\u0107 swoje potrzeby w zakresie rekrutacji prosimy o kontakt: <strong>+48 22 300 51 18, kontakt@5jobs.pl<\/strong><\/span><\/p>\n<p>&nbsp;<\/p>\n<hr \/>\n<p style=\"text-align: center;\"><span style=\"color: #347b89; font-family: verdana, geneva;\"><strong>DZIA\u0141AMY ELASTYCZNIE, KONKRETNIE, SKUTECZNIE I SZYBKO<\/strong><\/span><\/p>\n<hr \/>\n<p><a href=\"https:\/\/www.linkedin.com\/in\/adam-mielcarek-6ab57025\/\" target=\"_blank\" rel=\"attachment noopener wp-att-5200 noreferrer\"><img loading=\"lazy\" decoding=\"async\" class=\"aligncenter wp-image-5200 size-full\" src=\"https:\/\/5jobs.eu\/wp-content\/uploads\/linkedinoriginalwordmark-1324760552107615155_128.png\" alt=\"\" width=\"128\" height=\"128\" \/><\/a><\/p>\n","protected":false},"excerpt":{"rendered":"<p>Witaj w 5JOBS! Jeste\u015bmy doradztwem rekrutacyjnym wyspecjalizowanym bran\u017cowo. Poprzez profesjonaln\u0105 rekrutacj\u0119 w optymalnym czasie umo\u017cliwiamy wsp\u00f3\u0142prac\u0119 z najlepszymi pracownikami. Nasi klienci m\u00f3wi\u0105: \u201cLudzie \u2013 pracownicy, ich kapita\u0142 intelektualny \u2013 determinuj\u0105 sukces we wsp\u00f3\u0142czesnym biznesie\u201d Zasi\u0119g dzia\u0142ania Nasze doradztwo dzia\u0142a na terenie Europy i <a href=\"https:\/\/5jobs.eu\/pl\/\">[&hellip;]<\/a><\/p>\n","protected":false},"author":3,"featured_media":5231,"parent":0,"menu_order":0,"comment_status":"closed","ping_status":"open","template":"","meta":{"_acf_changed":false,"footnotes":""},"class_list":["post-42","page","type-page","status-publish","has-post-thumbnail","hentry"],"acf":[],"_links":{"self":[{"href":"https:\/\/5jobs.eu\/pl\/wp-json\/wp\/v2\/pages\/42","targetHints":{"allow":["GET"]}}],"collection":[{"href":"https:\/\/5jobs.eu\/pl\/wp-json\/wp\/v2\/pages"}],"about":[{"href":"https:\/\/5jobs.eu\/pl\/wp-json\/wp\/v2\/types\/page"}],"author":[{"embeddable":true,"href":"https:\/\/5jobs.eu\/pl\/wp-json\/wp\/v2\/users\/3"}],"replies":[{"embeddable":true,"href":"https:\/\/5jobs.eu\/pl\/wp-json\/wp\/v2\/comments?post=42"}],"version-history":[{"count":269,"href":"https:\/\/5jobs.eu\/pl\/wp-json\/wp\/v2\/pages\/42\/revisions"}],"predecessor-version":[{"id":9404,"href":"https:\/\/5jobs.eu\/pl\/wp-json\/wp\/v2\/pages\/42\/revisions\/9404"}],"wp:featuredmedia":[{"embeddable":true,"href":"https:\/\/5jobs.eu\/pl\/wp-json\/wp\/v2\/media\/5231"}],"wp:attachment":[{"href":"https:\/\/5jobs.eu\/pl\/wp-json\/wp\/v2\/media?parent=42"}],"curies":[{"name":"wp","href":"https:\/\/api.w.org\/{rel}","templated":true}]}}