{"id":48,"date":"2013-02-19T17:12:28","date_gmt":"2013-02-19T16:12:28","guid":{"rendered":"http:\/\/3pp.home.pl\/?page_id=48"},"modified":"2025-05-19T07:17:04","modified_gmt":"2025-05-19T05:17:04","slug":"executive-search-rekrutacja-poufna","status":"publish","type":"page","link":"https:\/\/5jobs.eu\/pl\/executive-search-rekrutacja-poufna\/","title":{"rendered":"Executive Search \/ Rekrutacja Poufna"},"content":{"rendered":"<h1 style=\"text-align: left;\"><span style=\"color: #347b89; font-family: verdana, geneva;\">EXECUTIVE SEARCH \/ REKRUTACJA POUFNA<\/span><\/h1>\n<h2><span style=\"color: #347b89; font-size: 14pt; font-family: verdana, geneva;\">Executive Search &#8211; Bezpiecze\u0144stwo, Dyskrecja, Skuteczno\u015b\u0107<\/span><\/h2>\n<p><span style=\"color: #808080;\">Realizujemy projekty rekrutacji poufnych wymagaj\u0105cych szczeg\u00f3lnej ostro\u017cno\u015bci, jak np. w zakresie zmian personalnych na stanowiskach wysokiego i \u015bredniego szczebla. Ich realizacja \u0142\u0105czy bezpiecze\u0144stwo kadrowe firm w okresie krytycznym dla organizacji \u2013 zmian kadry zarz\u0105dzaj\u0105cej, mened\u017cer\u00f3w i kluczowych specjalist\u00f3w &#8211; ze skuteczno\u015bci\u0105 w dotarciu do w\u0142a\u015bciwych kandydat\u00f3w.<\/span><\/p>\n<h2><span style=\"color: #347b89; font-size: 14pt; font-family: verdana, geneva;\">Stale aktualizowany rejestr kandydat\u00f3w; archiwizacja rekrutacji<\/span><\/h2>\n<p><span style=\"color: #808080;\">Rekrutacje realizowane s\u0105 w oparciu o w\u0142asny, agregowany od wielu lat, bran\u017cowy rejestr kandydat\u00f3w i zarchiwizowane projekty rekrutacyjne oraz intensywn\u0105 identyfikacj\u0119 bezpo\u015bredni\u0105 (<strong>Direct Search<\/strong>) kandydat\u00f3w po\u0142\u0105czon\u0105 z networkingiem.<\/span><\/p>\n<h2><span style=\"color: #347b89; font-size: 14pt; font-family: verdana, geneva;\">Dedykowany Headhunter<\/span><\/h2>\n<p><span style=\"color: #808080;\">Do\u015bwiadczony bran\u017cowo, dedykowany headhunter jest unikaln\u0105 cecha 5JOBS Rekrutacje Bran\u017cowe daj\u0105c\u0105 mu przewag\u0119 konkurencyjn\u0105 w pozyskaniu w\u0142a\u015bciwych kandydat\u00f3w. Posiadane przez nas wieloletnie do\u015bwiadczenie zapewnia dotarcie do w\u0142a\u015bciwych os\u00f3b.<\/span><\/p>\n<h2><span style=\"color: #347b89; font-size: 14pt; font-family: verdana, geneva;\">Dzia\u0142ania Doradztwa<\/span><\/h2>\n<p><span style=\"color: #808080;\">Profesjonalne dzia\u0142ania prowadzone przez 5JOBS Rekrutacje Bran\u017cowe prowadz\u0105 do stworzenia kr\u00f3tkiej listy kandydat\u00f3w (short list) zawieraj\u0105cej zazwyczaj od trzech do pi\u0119ciu propozycji personalnych.<\/span><\/p>\n<h2><span style=\"color: #347b89; font-size: 14pt; font-family: verdana, geneva;\">Wieloletnie do\u015bwiadczenie<\/span><\/h2>\n<p><span style=\"color: #808080;\">Nasze wieloletnie do\u015bwiadczenie zapewnia wiarygodn\u0105 ocen\u0119 i dob\u00f3r w\u0142a\u015bciwych os\u00f3b o oczekiwanych przez pracodawc\u00f3w kompetencjach.<\/span><\/p>\n<p><span style=\"font-size: 14pt; font-family: verdana, geneva; color: #347b89;\"><strong>\u2192<\/strong> <strong><a style=\"color: #347b89;\" title=\"Rekrutacje\" href=\"https:\/\/5jobs.eu\/pl\/rekrutacje\/\">Rekrutacje<\/a><\/strong><\/span><br \/>\n&nbsp;<\/p>\n<hr \/>\n<p style=\"text-align: center;\"><span style=\"color: #347b89; font-family: verdana, geneva;\"><strong>DZIA\u0141AMY <span style=\"color: #347b89;\">ELASTYCZNIE<\/span>, KONKRETNIE, SKUTECZNIE I SZYBKO<\/strong><\/span><\/p>\n<hr \/>\n<p><a href=\"https:\/\/www.linkedin.com\/in\/adam-mielcarek-6ab57025\/\" target=\"_blank\" rel=\"attachment noopener wp-att-5200 noreferrer\"><img loading=\"lazy\" decoding=\"async\" class=\"aligncenter wp-image-5200 size-full\" src=\"https:\/\/5jobs.eu\/wp-content\/uploads\/linkedinoriginalwordmark-1324760552107615155_128.png\" alt=\"\" width=\"128\" height=\"128\" \/><\/a><\/p>\n","protected":false},"excerpt":{"rendered":"<p>EXECUTIVE SEARCH \/ REKRUTACJA POUFNA Executive Search &#8211; Bezpiecze\u0144stwo, Dyskrecja, Skuteczno\u015b\u0107 Realizujemy projekty rekrutacji poufnych wymagaj\u0105cych szczeg\u00f3lnej ostro\u017cno\u015bci, jak np. w zakresie zmian personalnych na stanowiskach wysokiego i \u015bredniego szczebla. Ich realizacja \u0142\u0105czy bezpiecze\u0144stwo kadrowe firm w okresie krytycznym dla organizacji \u2013 zmian <a href=\"https:\/\/5jobs.eu\/pl\/executive-search-rekrutacja-poufna\/\">[&hellip;]<\/a><\/p>\n","protected":false},"author":3,"featured_media":5231,"parent":0,"menu_order":0,"comment_status":"closed","ping_status":"open","template":"","meta":{"_acf_changed":false,"footnotes":""},"class_list":["post-48","page","type-page","status-publish","has-post-thumbnail","hentry"],"acf":[],"_links":{"self":[{"href":"https:\/\/5jobs.eu\/pl\/wp-json\/wp\/v2\/pages\/48","targetHints":{"allow":["GET"]}}],"collection":[{"href":"https:\/\/5jobs.eu\/pl\/wp-json\/wp\/v2\/pages"}],"about":[{"href":"https:\/\/5jobs.eu\/pl\/wp-json\/wp\/v2\/types\/page"}],"author":[{"embeddable":true,"href":"https:\/\/5jobs.eu\/pl\/wp-json\/wp\/v2\/users\/3"}],"replies":[{"embeddable":true,"href":"https:\/\/5jobs.eu\/pl\/wp-json\/wp\/v2\/comments?post=48"}],"version-history":[{"count":66,"href":"https:\/\/5jobs.eu\/pl\/wp-json\/wp\/v2\/pages\/48\/revisions"}],"predecessor-version":[{"id":8777,"href":"https:\/\/5jobs.eu\/pl\/wp-json\/wp\/v2\/pages\/48\/revisions\/8777"}],"wp:featuredmedia":[{"embeddable":true,"href":"https:\/\/5jobs.eu\/pl\/wp-json\/wp\/v2\/media\/5231"}],"wp:attachment":[{"href":"https:\/\/5jobs.eu\/pl\/wp-json\/wp\/v2\/media?parent=48"}],"curies":[{"name":"wp","href":"https:\/\/api.w.org\/{rel}","templated":true}]}}