{"id":51,"date":"2013-02-19T17:13:28","date_gmt":"2013-02-19T16:13:28","guid":{"rendered":"http:\/\/3pp.home.pl\/?page_id=51"},"modified":"2025-05-07T07:48:57","modified_gmt":"2025-05-07T05:48:57","slug":"klienci","status":"publish","type":"page","link":"https:\/\/5jobs.eu\/pl\/klienci\/","title":{"rendered":"Klienci"},"content":{"rendered":"<h1 style=\"text-align: left;\"><span style=\"color: #347b89; font-family: verdana, geneva;\">KLIENCI<\/span><\/h1>\n<h2><span style=\"color: #347b89; font-size: 14pt; font-family: verdana, geneva;\">Firma z do\u015bwiadczeniem<\/span><\/h2>\n<p><span style=\"color: #808080;\">Do\u015bwiadczenie, na kt\u00f3rym oparta jest dzia\u0142alno\u015b\u0107 5JOBS Rekrutacje Bran\u017cowe, dotyczy zar\u00f3wno wsp\u00f3\u0142pracy z funduszami inwestycyjnymi, najwi\u0119kszymi mi\u0119dzynarodowymi korporacjami jak i lokalnymi ma\u0142ymi firmami, agencjami i przedstawicielstwami, czy r\u00f3\u017cnymi pod wzgl\u0119dem wielko\u015bci i typ\u00f3w podmiotami mieszcz\u0105cymi si\u0119 pomi\u0119dzy tymi przedzia\u0142ami.<\/span><\/p>\n<h2><span style=\"color: #347b89; font-size: 14pt; font-family: verdana, geneva;\">Projekty 5JOBS Rekrutacje Bran\u017cowe\u00a0<\/span><\/h2>\n<p><span style=\"color: #808080;\">Niekt\u00f3re projekty dotyczy\u0142y pojedynczych stanowisk, inne du\u017cych, kompleksowych rekrutacji zwi\u0105zanych z uruchamianiem dzia\u0142alno\u015bci produkcyjnej i dystrybucyjnej. By\u0142y to stanowiska od najwy\u017cszych w strukturze organizacji do ni\u017cszych szczebli, w\u0142\u0105cznie ze specjalistycznymi, asystenckimi i operatorskimi. Niezale\u017cnie od swojej wielko\u015bci, rodzaju dzia\u0142alno\u015bci czy lokalizacji wszyscy klienci uzyskali profesjonalne us\u0142ugi tej samej jako\u015bci.<\/span><\/p>\n<h2><span style=\"color: #347b89; font-size: 14pt; font-family: verdana, geneva;\">Stawiamy na d\u0142ugotrwa\u0142e relacje<\/span><\/h2>\n<p><span style=\"color: #808080;\">Jeste\u015bmy dumni, \u017ce z wi\u0119kszo\u015bci\u0105 klient\u00f3w wsp\u00f3\u0142pracujemy od lat, rekrutuj\u0105c na r\u00f3\u017cne stanowiska w obr\u0119bie ich organizacji. Zaufanie, kt\u00f3rym jeste\u015bmy darzeni powoduje \u017ce realizujemy tak\u017ce projekty rekrutacyjne niezwi\u0105zane z bran\u017cami w kt\u00f3rych si\u0119 specjalizujemy. Tak wi\u0119c skutecznie szukamy tak\u017ce pracownik\u00f3w na przyk\u0142ad z obszar\u00f3w ksi\u0119gowo\u015bci, finans\u00f3w, prawa&#8230; Dzia\u0142amy tak\u017ce w innych bran\u017cach, posiadaj\u0105c do\u015bwiadczenie nawet w bran\u017cy spo\u017cywczej czy rolniczej.\u00a0<\/span><\/p>\n<h2><span style=\"color: #347b89; font-size: 14pt; font-family: verdana, geneva;\">Nasza warto\u015b\u0107 dodana<\/span><\/h2>\n<p><span style=\"color: #808080;\">W praktyce nasz spos\u00f3b dzia\u0142ania zazwyczaj przynosi Klientom wi\u0119cej warto\u015bci ni\u017c zak\u0142adaj\u0105 podpisywane umowy. Przyk\u0142adowo standardowo zobowi\u0105zujemy si\u0119 do przedstawienia na dane stanowisko trzech kandydat\u00f3w spe\u0142niaj\u0105cych w pe\u0142ni oczekiwania klient\u00f3w oraz dodatkowo na \u017cyczenie dw\u00f3ch dodatkowych. W praktyce jednak kontynuujemy ich rekomendowanie do odniesienia sukcesu rekrutacyjnego. Sadzimy, \u017ce o jako\u015bci wsp\u00f3\u0142pracy decyduje jej atmosfera a nie litera umowy, kt\u00f3rej oczywi\u015bcie zawsze przestrzegamy, szczeg\u00f3lnie w zakresie terminowej realizacji rekomendowania kandydat\u00f3w. Zazwyczaj jednak znajdujemy kandydat\u00f3w znacznie przed terminami okre\u015blonymi w umowie. Nasi klienci wiedz\u0105, \u017ce z nami mog\u0105 czu\u0107 si\u0119 bezpiecznie.\u00a0<\/span><\/p>\n<h2><span style=\"color: #347b89; font-size: 14pt; font-family: verdana, geneva;\">Referencje<\/span><\/h2>\n<p><span style=\"color: #808080;\">Ze wzgl\u0119du na specyfik\u0119 naszej pracy o aktualnych referencjach informujemy w bezpo\u015brednim kontakcie.<\/span><\/p>\n<h2><span style=\"color: #347b89; font-size: 14pt; font-family: verdana, geneva;\">Kontakt<\/span><\/h2>\n<p><span style=\"color: #808080;\">Zapraszamy: +48 22 300 51 18, kontakt@5jobs.pl\u00a0<\/span><\/p>\n<p>&nbsp;<\/p>\n<hr \/>\n<p style=\"text-align: center;\"><span style=\"color: #347b89; font-family: verdana, geneva;\"><strong>DZIA\u0141AMY ELASTYCZNIE, KONKRETNIE, SKUTECZNIE I SZYBKO<\/strong><\/span><\/p>\n<hr \/>\n<p><a href=\"https:\/\/www.linkedin.com\/in\/adam-mielcarek-6ab57025\/\" target=\"_blank\" rel=\"attachment noopener wp-att-5200 noreferrer\"><img loading=\"lazy\" decoding=\"async\" class=\"aligncenter wp-image-5200 size-full\" src=\"https:\/\/5jobs.eu\/wp-content\/uploads\/linkedinoriginalwordmark-1324760552107615155_128.png\" alt=\"\" width=\"128\" height=\"128\" \/><\/a><\/p>\n","protected":false},"excerpt":{"rendered":"<p>KLIENCI Firma z do\u015bwiadczeniem Do\u015bwiadczenie, na kt\u00f3rym oparta jest dzia\u0142alno\u015b\u0107 5JOBS Rekrutacje Bran\u017cowe, dotyczy zar\u00f3wno wsp\u00f3\u0142pracy z funduszami inwestycyjnymi, najwi\u0119kszymi mi\u0119dzynarodowymi korporacjami jak i lokalnymi ma\u0142ymi firmami, agencjami i przedstawicielstwami, czy r\u00f3\u017cnymi pod wzgl\u0119dem wielko\u015bci i typ\u00f3w podmiotami mieszcz\u0105cymi si\u0119 pomi\u0119dzy tymi przedzia\u0142ami. <a href=\"https:\/\/5jobs.eu\/pl\/klienci\/\">[&hellip;]<\/a><\/p>\n","protected":false},"author":3,"featured_media":5231,"parent":0,"menu_order":0,"comment_status":"closed","ping_status":"open","template":"","meta":{"_acf_changed":false,"footnotes":""},"class_list":["post-51","page","type-page","status-publish","has-post-thumbnail","hentry"],"acf":[],"_links":{"self":[{"href":"https:\/\/5jobs.eu\/pl\/wp-json\/wp\/v2\/pages\/51","targetHints":{"allow":["GET"]}}],"collection":[{"href":"https:\/\/5jobs.eu\/pl\/wp-json\/wp\/v2\/pages"}],"about":[{"href":"https:\/\/5jobs.eu\/pl\/wp-json\/wp\/v2\/types\/page"}],"author":[{"embeddable":true,"href":"https:\/\/5jobs.eu\/pl\/wp-json\/wp\/v2\/users\/3"}],"replies":[{"embeddable":true,"href":"https:\/\/5jobs.eu\/pl\/wp-json\/wp\/v2\/comments?post=51"}],"version-history":[{"count":64,"href":"https:\/\/5jobs.eu\/pl\/wp-json\/wp\/v2\/pages\/51\/revisions"}],"predecessor-version":[{"id":8779,"href":"https:\/\/5jobs.eu\/pl\/wp-json\/wp\/v2\/pages\/51\/revisions\/8779"}],"wp:featuredmedia":[{"embeddable":true,"href":"https:\/\/5jobs.eu\/pl\/wp-json\/wp\/v2\/media\/5231"}],"wp:attachment":[{"href":"https:\/\/5jobs.eu\/pl\/wp-json\/wp\/v2\/media?parent=51"}],"curies":[{"name":"wp","href":"https:\/\/api.w.org\/{rel}","templated":true}]}}