{"id":59,"date":"2013-02-19T17:18:11","date_gmt":"2013-02-19T16:18:11","guid":{"rendered":"http:\/\/3pp.home.pl\/?page_id=59"},"modified":"2025-04-30T10:56:40","modified_gmt":"2025-04-30T08:56:40","slug":"kariera","status":"publish","type":"page","link":"https:\/\/5jobs.eu\/pl\/kariera\/","title":{"rendered":"Kariera"},"content":{"rendered":"<h1><span style=\"color: #347b89; font-family: verdana, geneva;\">KARIERA<\/span><\/h1>\n<h1 style=\"text-align: left;\"><span style=\"color: #347b89; font-size: 14pt; font-family: verdana, geneva;\">Praca<\/span><\/h1>\n<p><span style=\"color: #808080;\">Wszystkim osobom, kt\u00f3re chc\u0105 wsp\u00f3\u0142pracowa\u0107 z nami w zakresie rozwoju i kontynuacji ich kariery zawodowej gwarantujemy najdalej id\u0105c\u0105 dyskrecj\u0119 i bezpiecze\u0144stwo procesu rekrutacyjnego. \u017badne informacje na ich temat umo\u017cliwiaj\u0105ce identyfikacj\u0119 nie zostan\u0105 przekazane bez wcze\u015bniejszej akceptacji uczestnictwa w aktualnym projekcie rekrutacyjnym.<\/span><\/p>\n<h2><span style=\"color: #347b89; font-size: 14pt; font-family: verdana, geneva;\">Zapraszamy do przesy\u0142ania aplikacji (CV) kandydat\u00f3w z do\u015bwiadczeniem zawodowym z nast\u0119puj\u0105cych bran\u017c:<\/span><\/h2>\n<p><span style=\"color: #808080;\"><strong>\u25cf opakowania papierowe, tekturowe, POS; us\u0142ugi opakowaniowe <\/strong><\/span><\/p>\n<p><span style=\"color: #808080;\"><strong>\u25cf opakowania i produkty z tworzyw sztucznych, Viscom,\u00a0<\/strong><\/span><\/p>\n<p><span style=\"color: #808080;\"><strong>\u25cf poligrafia, bran\u017ca wydawnicza, reklamowa, medialna i biurowo-szkolna<\/strong><\/span><\/p>\n<p><span style=\"color: #808080;\"><strong>\u25cf tworzywa sztuczne, kompozyty, bran\u017ca chemiczna i gumowa<\/strong><\/span><\/p>\n<p><span style=\"color: #808080;\"><strong>\u25cf bran\u017ca celulozowo-papiernicza, papiery przemys\u0142owe i higieniczne<a style=\"color: #808080;\" href=\"mailto:job@paperpeople.pl\"><br \/>\n<\/a><\/strong><\/span><\/p>\n<p><span style=\"color: #808080;\"><strong>\u25cf opakowania metalowe i szklane<\/strong><\/span><\/p>\n<p><span style=\"color: #808080;\"><strong>\u25cf recykling, ekologia<\/strong><\/span><\/p>\n<p><span style=\"color: #808080;\"><strong>\u25cf maszyny i urz\u0105dzenia, materia\u0142y pomocnicze, preparaty, farby w zakresie bran\u017c 5JOBS<\/strong><\/span><\/p>\n<h3 style=\"text-align: center;\"><span style=\"font-family: verdana, geneva;\"><span style=\"color: #347b89; font-size: 12pt;\">Oczekujemy r\u00f3wnie\u017c zg<\/span><span style=\"color: #347b89; font-size: 12pt;\">\u0142<\/span><span style=\"color: #347b89; font-size: 12pt;\">osze\u0144 absolwent\u00f3w bez do\u015bwiadczenia zawodowego posiadaj\u0105cych wykszta\u0142cenie w zakresie powy\u017cszych bran\u017c<\/span><\/span><\/h3>\n<p style=\"text-align: center;\"><span style=\"color: #808080;\">Adres do przesy\u0142ania aplikacji<strong>: <a style=\"color: #808080;\" href=\"mailto:praca@5jobs.pl\">5jobspraca@gmail.com<\/a><\/strong><\/span><\/p>\n<p style=\"text-align: center;\"><span style=\"color: #808080;\">Prosimy o kierowanie aplikacji \u00a0(CV), ew. wraz z listem motywacyjnym \u00a0\u2013 z podaniem w temacie e-maila nazwy oczekiwanego stanowiska (stanowisk) \u00a0i bran\u017cy, zgodnie z posiadanym dominuj\u0105cym lub preferowanym do\u015bwiadczeniem bran\u017cowym.<\/span><\/p>\n<p>&nbsp;<\/p>\n<p><a href=\"https:\/\/www.linkedin.com\/in\/adam-mielcarek-6ab57025\/\" target=\"_blank\" rel=\"attachment noopener wp-att-5200 noreferrer\"><img loading=\"lazy\" decoding=\"async\" class=\"aligncenter wp-image-5200 size-full\" src=\"https:\/\/5jobs.eu\/wp-content\/uploads\/linkedinoriginalwordmark-1324760552107615155_128.png\" alt=\"\" width=\"128\" height=\"128\" \/><\/a><\/p>\n","protected":false},"excerpt":{"rendered":"<p>KARIERA Praca Wszystkim osobom, kt\u00f3re chc\u0105 wsp\u00f3\u0142pracowa\u0107 z nami w zakresie rozwoju i kontynuacji ich kariery zawodowej gwarantujemy najdalej id\u0105c\u0105 dyskrecj\u0119 i bezpiecze\u0144stwo procesu rekrutacyjnego. \u017badne informacje na ich temat umo\u017cliwiaj\u0105ce identyfikacj\u0119 nie zostan\u0105 przekazane bez wcze\u015bniejszej akceptacji uczestnictwa w aktualnym projekcie rekrutacyjnym. <a href=\"https:\/\/5jobs.eu\/pl\/kariera\/\">[&hellip;]<\/a><\/p>\n","protected":false},"author":3,"featured_media":5231,"parent":0,"menu_order":0,"comment_status":"closed","ping_status":"open","template":"","meta":{"_acf_changed":false,"footnotes":""},"class_list":["post-59","page","type-page","status-publish","has-post-thumbnail","hentry"],"acf":[],"_links":{"self":[{"href":"https:\/\/5jobs.eu\/pl\/wp-json\/wp\/v2\/pages\/59","targetHints":{"allow":["GET"]}}],"collection":[{"href":"https:\/\/5jobs.eu\/pl\/wp-json\/wp\/v2\/pages"}],"about":[{"href":"https:\/\/5jobs.eu\/pl\/wp-json\/wp\/v2\/types\/page"}],"author":[{"embeddable":true,"href":"https:\/\/5jobs.eu\/pl\/wp-json\/wp\/v2\/users\/3"}],"replies":[{"embeddable":true,"href":"https:\/\/5jobs.eu\/pl\/wp-json\/wp\/v2\/comments?post=59"}],"version-history":[{"count":74,"href":"https:\/\/5jobs.eu\/pl\/wp-json\/wp\/v2\/pages\/59\/revisions"}],"predecessor-version":[{"id":8780,"href":"https:\/\/5jobs.eu\/pl\/wp-json\/wp\/v2\/pages\/59\/revisions\/8780"}],"wp:featuredmedia":[{"embeddable":true,"href":"https:\/\/5jobs.eu\/pl\/wp-json\/wp\/v2\/media\/5231"}],"wp:attachment":[{"href":"https:\/\/5jobs.eu\/pl\/wp-json\/wp\/v2\/media?parent=59"}],"curies":[{"name":"wp","href":"https:\/\/api.w.org\/{rel}","templated":true}]}}