{"id":7512,"date":"2023-08-20T15:12:34","date_gmt":"2023-08-20T13:12:34","guid":{"rendered":"https:\/\/5jobs.eu\/?page_id=7512"},"modified":"2025-11-21T10:54:54","modified_gmt":"2025-11-21T09:54:54","slug":"doradztwo-personalne-people-project","status":"publish","type":"page","link":"https:\/\/5jobs.eu\/pl\/doradztwo-personalne-people-project\/","title":{"rendered":"PEOPLE PROJECT"},"content":{"rendered":"<p style=\"text-align: center;\"><span style=\"font-family: verdana, geneva;\"><img loading=\"lazy\" decoding=\"async\" class=\"alignleft wp-image-7663 size-full\" src=\"https:\/\/5jobs.eu\/wp-content\/uploads\/mini_People-Project-Logo-bez-adresu-2.png\" alt=\"Doradztwo Personalne People Project \" width=\"150\" height=\"135\" \/><\/span><\/p>\n<p>&nbsp;<\/p>\n<p style=\"text-align: center;\"><span style=\"font-family: georgia, palatino; color: #808080; font-size: 17px;\">Doradztwo Rekrutacyjne <strong>PEOPLE PROJECT<\/strong>\u00a0 jest cz\u0119\u015bci\u0105 5JOBS.<\/span><\/p>\n<p style=\"text-align: center;\"><span style=\"font-family: georgia, palatino; color: #808080; font-size: 17px;\">Dedykowane\u00a0 jest rekrutacjom do r\u00f3\u017cnych bran\u017c na terenie Polski i zagranic\u0105.<\/span><\/p>\n<p style=\"text-align: center;\"><span style=\"font-family: georgia, palatino; color: #808080; font-size: 17px;\"><strong>kontakt@peopleproject.pl<\/strong><\/span><\/p>\n<p>&nbsp;<\/p>\n<hr \/>\n<p style=\"text-align: center;\"><span style=\"color: #347b89; font-family: verdana, geneva;\"><strong>DZIA\u0141AMY <span style=\"color: #347b89;\">ELASTYCZNIE<\/span>, KONKRETNIE, SKUTECZNIE I SZYBKO<\/strong><\/span><\/p>\n<hr \/>\n<p><a href=\"https:\/\/www.linkedin.com\/in\/adam-mielcarek-6ab57025\/\" target=\"_blank\" rel=\"attachment noopener wp-att-5200 noreferrer\"><img loading=\"lazy\" decoding=\"async\" class=\"aligncenter wp-image-5200 size-full\" src=\"https:\/\/5jobs.eu\/wp-content\/uploads\/linkedinoriginalwordmark-1324760552107615155_128.png\" alt=\"\" width=\"128\" height=\"128\" \/><\/a><\/p>\n","protected":false},"excerpt":{"rendered":"<p>&nbsp; Doradztwo Rekrutacyjne PEOPLE PROJECT\u00a0 jest cz\u0119\u015bci\u0105 5JOBS. Dedykowane\u00a0 jest rekrutacjom do r\u00f3\u017cnych bran\u017c na terenie Polski i zagranic\u0105. kontakt@peopleproject.pl &nbsp; DZIA\u0141AMY ELASTYCZNIE, KONKRETNIE, SKUTECZNIE I SZYBKO<\/p>\n","protected":false},"author":5,"featured_media":0,"parent":0,"menu_order":0,"comment_status":"closed","ping_status":"closed","template":"","meta":{"_acf_changed":false,"footnotes":""},"class_list":["post-7512","page","type-page","status-publish","hentry"],"acf":[],"_links":{"self":[{"href":"https:\/\/5jobs.eu\/pl\/wp-json\/wp\/v2\/pages\/7512","targetHints":{"allow":["GET"]}}],"collection":[{"href":"https:\/\/5jobs.eu\/pl\/wp-json\/wp\/v2\/pages"}],"about":[{"href":"https:\/\/5jobs.eu\/pl\/wp-json\/wp\/v2\/types\/page"}],"author":[{"embeddable":true,"href":"https:\/\/5jobs.eu\/pl\/wp-json\/wp\/v2\/users\/5"}],"replies":[{"embeddable":true,"href":"https:\/\/5jobs.eu\/pl\/wp-json\/wp\/v2\/comments?post=7512"}],"version-history":[{"count":51,"href":"https:\/\/5jobs.eu\/pl\/wp-json\/wp\/v2\/pages\/7512\/revisions"}],"predecessor-version":[{"id":9653,"href":"https:\/\/5jobs.eu\/pl\/wp-json\/wp\/v2\/pages\/7512\/revisions\/9653"}],"wp:attachment":[{"href":"https:\/\/5jobs.eu\/pl\/wp-json\/wp\/v2\/media?parent=7512"}],"curies":[{"name":"wp","href":"https:\/\/api.w.org\/{rel}","templated":true}]}}