{"id":8904,"date":"2018-06-05T13:41:25","date_gmt":"2018-06-05T11:41:25","guid":{"rendered":"https:\/\/5jobs.eu\/?page_id=8904"},"modified":"2025-06-07T14:53:05","modified_gmt":"2025-06-07T12:53:05","slug":"ogloszenia-rekrutacja","status":"publish","type":"page","link":"https:\/\/5jobs.eu\/pl\/ogloszenia-rekrutacja\/","title":{"rendered":"Og\u0142oszenia"},"content":{"rendered":"<h1><span style=\"color: #347b89;\">OG\u0141OSZENIA REKRUTACYJNE<\/span><\/h1>\n<p><span style=\"color: #808080;\"><strong>Praca &#8211; og\u0142oszenia <\/strong><\/span><\/p>\n<p><span style=\"color: #808080;\">Oferujemy mo\u017cliwo\u015b\u0107 publikacji og\u0142osze\u0144 rekrutacyjnych na naszym portalu. Okres prezentacji to trzy lub sze\u015b\u0107 tygodni. Og\u0142oszenia mog\u0105 by\u0107 opublikowane w szacie graficznej Klienta lub 5JOBS Rekrutacje Bran\u017cowe, r\u00f3wnie\u017c jako og\u0142oszenia poufne.<\/span><\/p>\n<p><strong> <span style=\"color: #808080;\">Praca &#8211; jak zg\u0142osi\u0107 oferty<\/span><\/strong><\/p>\n<p><span style=\"color: #808080;\">Szczeg\u00f3\u0142ow\u0105 ofert\u0119 prze\u015blemy po z\u0142o\u017ceniu zapytania na adres: <strong>kontakt@5jobs.pl<\/strong><\/span><\/p>\n<div>\n<p>&nbsp;<\/p>\n<hr \/>\n<p style=\"text-align: center;\"><span style=\"color: #347b89; font-family: tahoma, arial, helvetica, sans-serif;\"><strong>WE ACT FLEXIBLY, DEFINITIVELY, EFFECTIVELY AND QUICKLY<\/strong><\/span><\/p>\n<hr \/>\n<p><a href=\"https:\/\/www.linkedin.com\/in\/adam-mielcarek-6ab57025\/\" target=\"_blank\" rel=\"attachment noopener wp-att-5200 noreferrer\"><img loading=\"lazy\" decoding=\"async\" class=\"aligncenter wp-image-5200 size-full\" src=\"https:\/\/5jobs.eu\/wp-content\/uploads\/linkedinoriginalwordmark-1324760552107615155_128.png\" alt=\"\" width=\"128\" height=\"128\" \/><\/a><\/p>\n<p>&nbsp;<\/p>\n<div><\/div>\n<\/div>\n","protected":false},"excerpt":{"rendered":"<p>OG\u0141OSZENIA REKRUTACYJNE Praca &#8211; og\u0142oszenia Oferujemy mo\u017cliwo\u015b\u0107 publikacji og\u0142osze\u0144 rekrutacyjnych na naszym portalu. Okres prezentacji to trzy lub sze\u015b\u0107 tygodni. Og\u0142oszenia mog\u0105 by\u0107 opublikowane w szacie graficznej Klienta lub 5JOBS Rekrutacje Bran\u017cowe, r\u00f3wnie\u017c jako og\u0142oszenia poufne. Praca &#8211; jak zg\u0142osi\u0107 oferty Szczeg\u00f3\u0142ow\u0105 ofert\u0119 <a href=\"https:\/\/5jobs.eu\/pl\/ogloszenia-rekrutacja\/\">[&hellip;]<\/a><\/p>\n","protected":false},"author":1,"featured_media":0,"parent":0,"menu_order":0,"comment_status":"closed","ping_status":"closed","template":"","meta":{"_acf_changed":false,"footnotes":""},"class_list":["post-8904","page","type-page","status-publish","hentry"],"acf":[],"_links":{"self":[{"href":"https:\/\/5jobs.eu\/pl\/wp-json\/wp\/v2\/pages\/8904","targetHints":{"allow":["GET"]}}],"collection":[{"href":"https:\/\/5jobs.eu\/pl\/wp-json\/wp\/v2\/pages"}],"about":[{"href":"https:\/\/5jobs.eu\/pl\/wp-json\/wp\/v2\/types\/page"}],"author":[{"embeddable":true,"href":"https:\/\/5jobs.eu\/pl\/wp-json\/wp\/v2\/users\/1"}],"replies":[{"embeddable":true,"href":"https:\/\/5jobs.eu\/pl\/wp-json\/wp\/v2\/comments?post=8904"}],"version-history":[{"count":6,"href":"https:\/\/5jobs.eu\/pl\/wp-json\/wp\/v2\/pages\/8904\/revisions"}],"predecessor-version":[{"id":8911,"href":"https:\/\/5jobs.eu\/pl\/wp-json\/wp\/v2\/pages\/8904\/revisions\/8911"}],"wp:attachment":[{"href":"https:\/\/5jobs.eu\/pl\/wp-json\/wp\/v2\/media?parent=8904"}],"curies":[{"name":"wp","href":"https:\/\/api.w.org\/{rel}","templated":true}]}}